{"id":1965,"date":"2020-02-13T13:19:09","date_gmt":"2020-02-13T12:19:09","guid":{"rendered":"https:\/\/gelato49.com\/colophon\/"},"modified":"2020-02-13T13:19:09","modified_gmt":"2020-02-13T12:19:09","slug":"colophon","status":"publish","type":"page","link":"https:\/\/gelato49.com\/it\/colophon\/","title":{"rendered":"Impronta"},"content":{"rendered":"<div class=\"fusion-fullwidth fullwidth-box fusion-builder-row-1 nonhundred-percent-fullwidth non-hundred-percent-height-scrolling\" style=\"--awb-border-radius-top-left:0px;--awb-border-radius-top-right:0px;--awb-border-radius-bottom-right:0px;--awb-border-radius-bottom-left:0px;--awb-padding-right:15%;--awb-padding-left:15%;--awb-flex-wrap:wrap;\" ><div class=\"fusion-builder-row fusion-row\"><div class=\"fusion-layout-column fusion_builder_column fusion-builder-column-0 fusion_builder_column_1_1 1_1 fusion-one-full fusion-column-first fusion-column-last\" style=\"--awb-padding-right:15%;--awb-padding-left:15%;--awb-bg-size:cover;--awb-margin-bottom:0px;\"><div class=\"fusion-column-wrapper fusion-column-has-shadow fusion-flex-column-wrapper-legacy\"><div class=\"fusion-title title fusion-title-1 fusion-title-center fusion-title-text fusion-title-size-one\" style=\"--awb-margin-top:75px;--awb-margin-bottom:50px;--awb-margin-top-small:50px;--awb-margin-right-small:0px;--awb-margin-bottom-small:30px;--awb-margin-left-small:0px;\"><div class=\"title-sep-container title-sep-container-left\"><div class=\"title-sep sep-single sep-solid\" style=\"border-color:#b09c7d;\"><\/div><\/div><span class=\"awb-title-spacer\"><\/span><h1 class=\"fusion-title-heading title-heading-center fusion-responsive-typography-calculated\" style=\"margin:0;--fontSize:72;line-height:0.9;\">Colophon<\/h1><span class=\"awb-title-spacer\"><\/span><div class=\"title-sep-container title-sep-container-right\"><div class=\"title-sep sep-single sep-solid\" style=\"border-color:#b09c7d;\"><\/div><\/div><\/div><div class=\"fusion-text fusion-text-1\"><h2>Operatore del sito web gelato49.com<\/h2>\n<p><strong>Gelato49 GmbH<\/strong><\/p>\n<p>Direttore generale: Erg\u00fcn Katak<br \/>\nHeerdterbuschstra\u00dfe 10, 41460 Neuss<br \/>\nE-mail: <strong><a href=\"mailto:info@gelato49.com\">info[at]gelato49[dot]com<\/a><\/strong><br \/>\nTelefono: +49 &#8211; 21 31 &#8211; 203 26 36<\/p>\n<p>Ci si oppone all&#8217;utilizzo dei dati di contatto pubblicati nell&#8217;ambito dell&#8217;obbligo di imprinting per l&#8217;invio di materiale pubblicitario e informativo non espressamente richiesto. Il gestore delle pagine si riserva espressamente il diritto di intraprendere azioni legali in caso di invio non richiesto di informazioni pubblicitarie, ad esempio tramite e-mail di spam.<\/p>\n<h2>Testo, immagini e materiale sonoro utilizzati<\/h2>\n<p>Se non diversamente indicato: \u00a9 Gelato49 GmbH, Neuss.<br \/>\nPer tutti vale quanto segue: testi, immagini e file audio sono soggetti a tutela del diritto d&#8217;autore. Nessuna duplicazione o ridistribuzione non autorizzata!<\/p>\n<\/div><div class=\"fusion-title title fusion-title-2 fusion-title-center fusion-title-text fusion-title-size-one\" style=\"--awb-margin-top:75px;--awb-margin-bottom:50px;--awb-margin-top-small:50px;--awb-margin-right-small:0px;--awb-margin-bottom-small:25px;--awb-margin-left-small:0px;\"><div class=\"title-sep-container title-sep-container-left\"><div class=\"title-sep sep-single sep-solid\" style=\"border-color:#b09c7d;\"><\/div><\/div><span class=\"awb-title-spacer\"><\/span><h1 class=\"fusion-title-heading title-heading-center fusion-responsive-typography-calculated\" style=\"margin:0;--fontSize:72;line-height:0.9;\">Note e disclaimer<\/h1><span class=\"awb-title-spacer\"><\/span><div class=\"title-sep-container title-sep-container-right\"><div class=\"title-sep sep-single sep-solid\" style=\"border-color:#b09c7d;\"><\/div><\/div><\/div><div class=\"fusion-text fusion-text-2\"><h2>Contenuto del sito web<\/h2>\n<p>Ci impegniamo a garantire che il contenuto del nostro sito web sia sempre aggiornato e corretto. Tuttavia, non \u00e8 possibile escludere completamente il verificarsi di errori. Non ci assumiamo pertanto alcuna responsabilit\u00e0 per l&#8217;attualit\u00e0, la correttezza, la completezza o la qualit\u00e0 delle informazioni fornite. Le richieste di risarcimento per danni causati dall&#8217;uso delle informazioni fornite, comprese quelle incomplete o errate, saranno pertanto respinte, a meno che l&#8217;errore non sia stato commesso intenzionalmente o per grave negligenza.<br \/>\nTutte le offerte sono soggette a modifiche e non sono vincolanti. Ci riserviamo espressamente il diritto di modificare, integrare o cancellare parti delle pagine o l&#8217;intero sito web senza preavviso, o di interrompere temporaneamente o definitivamente la pubblicazione.<\/p>\n<h2>Riferimenti e link esterni<\/h2>\n<p>Nella sentenza del 12 maggio 1998, il Tribunale regionale di Amburgo ha stabilito che l&#8217;inserimento di un link diretto o indiretto a un sito web esterno (&#8220;link&#8221;) pu\u00f2 comportare la corresponsabilit\u00e0 per il contenuto della pagina collegata. Secondo la LG, ci\u00f2 pu\u00f2 essere evitato solo prendendo espressamente le distanze da questi contenuti.<br \/>\nAl momento del collegamento alle relative pagine linkate, non ci \u00e8 stato segnalato alcun contenuto illegale. Non abbiamo alcuna influenza sul design attuale e futuro, sui contenuti o sulla paternit\u00e0 delle pagine collegate. Pertanto, prendiamo espressamente le distanze dal materiale di tutti i siti Internet di terzi, anche se il nostro sito web rimanda a questi siti esterni. La presente dichiarazione si applica a tutti i link e i riferimenti presenti all&#8217;interno della nostra offerta Internet, nonch\u00e9 alle voci esterne dei libri degli ospiti, dei forum di discussione e delle mailing list da noi istituiti o gestiti e ad altri contenuti di pagine interattive che possono essere riempite di contenuti dagli utenti della nostra offerta Web. Per contenuti illegali, errati o incompleti e soprattutto per i danni derivanti dall&#8217;uso o dal mancato uso di tali informazioni, \u00e8 responsabile solo il fornitore della pagina collegata.<\/p>\n<h2>Diritto d&#8217;autore e dei marchi<\/h2>\n<p>Tutti i nomi e i marchi di fabbrica citati sul sito web ed eventualmente protetti da terzi sono soggetti senza limitazioni alle disposizioni della legge sui marchi di fabbrica applicabile e ai diritti di propriet\u00e0 dei rispettivi proprietari registrati. Il diritto d&#8217;autore per gli oggetti pubblicati creati da noi stessi rimane esclusivamente a noi in quanto autori delle pagine. La duplicazione o l&#8217;utilizzo di oggetti quali diagrammi, suoni o testi in altre pubblicazioni elettroniche o stampate non \u00e8 consentita senza il nostro consenso.<\/p>\n<h2>Protezione dei dati<\/h2>\n<p>Prendiamo molto sul serio la protezione dei vostri dati personali. Trattiamo i vostri dati personali in modo confidenziale e in conformit\u00e0 con le norme di legge sulla protezione dei dati e con la nostra <a href=\"https:\/\/gelato49.com\/it\/protezione-dei-dati\/\"><strong>Informativa sulla privacy<\/strong><\/a>.<\/p>\n<h2>Validit\u00e0 legale<\/h2>\n<p>Questa clausola di esclusione della responsabilit\u00e0 fa parte del nostro sito web. Se singole formulazioni o parti di questo testo non sono o non sono pi\u00f9 pienamente conformi alla situazione legale applicabile, ci\u00f2 non pregiudica le altre parti di questa dichiarazione.<\/p>\n<\/div><div class=\"fusion-clearfix\"><\/div><\/div><\/div><\/div><\/div>\n","protected":false},"excerpt":{"rendered":"","protected":false},"author":1,"featured_media":0,"parent":0,"menu_order":0,"comment_status":"closed","ping_status":"closed","template":"","meta":{"footnotes":""},"class_list":["post-1965","page","type-page","status-publish","hentry"],"yoast_head":"<!-- This site is optimized with the Yoast SEO plugin v27.4 - https:\/\/yoast.com\/product\/yoast-seo-wordpress\/ -->\n<title>Gelato49 - Artigiani di Bologna | Impronta<\/title>\n<meta name=\"description\" content=\"Impronta del sito web di Gelato49 GmbH, gelatieri artigianali di Bologna, rappresentati da gelaterie a Bielefeld, Dortmund e D\u00fcsseldorf.\" \/>\n<meta name=\"robots\" content=\"index, follow, max-snippet:-1, max-image-preview:large, max-video-preview:-1\" \/>\n<link rel=\"canonical\" href=\"https:\/\/gelato49.com\/it\/colophon\/\" \/>\n<meta property=\"og:locale\" content=\"it_IT\" \/>\n<meta property=\"og:type\" content=\"article\" \/>\n<meta property=\"og:title\" content=\"Gelato49 - Artigiani di Bologna | Impronta\" \/>\n<meta property=\"og:description\" content=\"Impronta del sito web di Gelato49 GmbH, gelatieri artigianali di Bologna, rappresentati da gelaterie a Bielefeld, Dortmund e D\u00fcsseldorf.\" \/>\n<meta property=\"og:url\" content=\"https:\/\/gelato49.com\/it\/colophon\/\" \/>\n<meta property=\"og:site_name\" content=\"Gelato49 - Artigiani di Bologna\" \/>\n<meta property=\"article:publisher\" content=\"https:\/\/www.facebook.com\/Gelato49\" \/>\n<meta name=\"twitter:card\" content=\"summary_large_image\" \/>\n<meta name=\"twitter:label1\" content=\"Tempo di lettura stimato\" \/>\n\t<meta name=\"twitter:data1\" content=\"7 minuti\" \/>\n<script type=\"application\/ld+json\" class=\"yoast-schema-graph\">{\"@context\":\"https:\\\/\\\/schema.org\",\"@graph\":[{\"@type\":\"WebPage\",\"@id\":\"https:\\\/\\\/gelato49.com\\\/it\\\/colophon\\\/\",\"url\":\"https:\\\/\\\/gelato49.com\\\/it\\\/colophon\\\/\",\"name\":\"Gelato49 - Artigiani di Bologna | Impronta\",\"isPartOf\":{\"@id\":\"https:\\\/\\\/gelato49.com\\\/it\\\/#website\"},\"datePublished\":\"2020-02-13T12:19:09+00:00\",\"description\":\"Impronta del sito web di Gelato49 GmbH, gelatieri artigianali di Bologna, rappresentati da gelaterie a Bielefeld, Dortmund e D\u00fcsseldorf.\",\"breadcrumb\":{\"@id\":\"https:\\\/\\\/gelato49.com\\\/it\\\/colophon\\\/#breadcrumb\"},\"inLanguage\":\"it-IT\",\"potentialAction\":[{\"@type\":\"ReadAction\",\"target\":[\"https:\\\/\\\/gelato49.com\\\/it\\\/colophon\\\/\"]}]},{\"@type\":\"BreadcrumbList\",\"@id\":\"https:\\\/\\\/gelato49.com\\\/it\\\/colophon\\\/#breadcrumb\",\"itemListElement\":[{\"@type\":\"ListItem\",\"position\":1,\"name\":\"Startseite\",\"item\":\"https:\\\/\\\/gelato49.com\\\/it\\\/\"},{\"@type\":\"ListItem\",\"position\":2,\"name\":\"Impronta\"}]},{\"@type\":\"WebSite\",\"@id\":\"https:\\\/\\\/gelato49.com\\\/it\\\/#website\",\"url\":\"https:\\\/\\\/gelato49.com\\\/it\\\/\",\"name\":\"Gelato49\",\"description\":\"Handwerklich hergestelltes italienisches Speiseeis - Eisdielen und Eiscaf\u00e9s in Bielefeld, Dortmund und D\u00fcsseldorf\",\"publisher\":{\"@id\":\"https:\\\/\\\/gelato49.com\\\/it\\\/#organization\"},\"potentialAction\":[{\"@type\":\"SearchAction\",\"target\":{\"@type\":\"EntryPoint\",\"urlTemplate\":\"https:\\\/\\\/gelato49.com\\\/it\\\/?s={search_term_string}\"},\"query-input\":{\"@type\":\"PropertyValueSpecification\",\"valueRequired\":true,\"valueName\":\"search_term_string\"}}],\"inLanguage\":\"it-IT\"},{\"@type\":\"Organization\",\"@id\":\"https:\\\/\\\/gelato49.com\\\/it\\\/#organization\",\"name\":\"Gelato 49 \u2013 Artigiani di Bologna\",\"url\":\"https:\\\/\\\/gelato49.com\\\/it\\\/\",\"logo\":{\"@type\":\"ImageObject\",\"inLanguage\":\"it-IT\",\"@id\":\"https:\\\/\\\/gelato49.com\\\/it\\\/#\\\/schema\\\/logo\\\/image\\\/\",\"url\":\"https:\\\/\\\/gelato49.com\\\/wp-content\\\/uploads\\\/2020\\\/02\\\/G49.png\",\"contentUrl\":\"https:\\\/\\\/gelato49.com\\\/wp-content\\\/uploads\\\/2020\\\/02\\\/G49.png\",\"width\":680,\"height\":560,\"caption\":\"Gelato 49 \u2013 Artigiani di Bologna\"},\"image\":{\"@id\":\"https:\\\/\\\/gelato49.com\\\/it\\\/#\\\/schema\\\/logo\\\/image\\\/\"},\"sameAs\":[\"https:\\\/\\\/www.facebook.com\\\/Gelato49\",\"https:\\\/\\\/www.instagram.com\\\/gelato49_com\\\/\",\"https:\\\/\\\/www.youtube.com\\\/channel\\\/UCfM4I_VBaYx-O529WfWBoNQ\"]}]}<\/script>\n<!-- \/ Yoast SEO plugin. -->","yoast_head_json":{"title":"Gelato49 - Artigiani di Bologna | Impronta","description":"Impronta del sito web di Gelato49 GmbH, gelatieri artigianali di Bologna, rappresentati da gelaterie a Bielefeld, Dortmund e D\u00fcsseldorf.","robots":{"index":"index","follow":"follow","max-snippet":"max-snippet:-1","max-image-preview":"max-image-preview:large","max-video-preview":"max-video-preview:-1"},"canonical":"https:\/\/gelato49.com\/it\/colophon\/","og_locale":"it_IT","og_type":"article","og_title":"Gelato49 - Artigiani di Bologna | Impronta","og_description":"Impronta del sito web di Gelato49 GmbH, gelatieri artigianali di Bologna, rappresentati da gelaterie a Bielefeld, Dortmund e D\u00fcsseldorf.","og_url":"https:\/\/gelato49.com\/it\/colophon\/","og_site_name":"Gelato49 - Artigiani di Bologna","article_publisher":"https:\/\/www.facebook.com\/Gelato49","twitter_card":"summary_large_image","twitter_misc":{"Tempo di lettura stimato":"7 minuti"},"schema":{"@context":"https:\/\/schema.org","@graph":[{"@type":"WebPage","@id":"https:\/\/gelato49.com\/it\/colophon\/","url":"https:\/\/gelato49.com\/it\/colophon\/","name":"Gelato49 - Artigiani di Bologna | Impronta","isPartOf":{"@id":"https:\/\/gelato49.com\/it\/#website"},"datePublished":"2020-02-13T12:19:09+00:00","description":"Impronta del sito web di Gelato49 GmbH, gelatieri artigianali di Bologna, rappresentati da gelaterie a Bielefeld, Dortmund e D\u00fcsseldorf.","breadcrumb":{"@id":"https:\/\/gelato49.com\/it\/colophon\/#breadcrumb"},"inLanguage":"it-IT","potentialAction":[{"@type":"ReadAction","target":["https:\/\/gelato49.com\/it\/colophon\/"]}]},{"@type":"BreadcrumbList","@id":"https:\/\/gelato49.com\/it\/colophon\/#breadcrumb","itemListElement":[{"@type":"ListItem","position":1,"name":"Startseite","item":"https:\/\/gelato49.com\/it\/"},{"@type":"ListItem","position":2,"name":"Impronta"}]},{"@type":"WebSite","@id":"https:\/\/gelato49.com\/it\/#website","url":"https:\/\/gelato49.com\/it\/","name":"Gelato49","description":"Handwerklich hergestelltes italienisches Speiseeis - Eisdielen und Eiscaf\u00e9s in Bielefeld, Dortmund und D\u00fcsseldorf","publisher":{"@id":"https:\/\/gelato49.com\/it\/#organization"},"potentialAction":[{"@type":"SearchAction","target":{"@type":"EntryPoint","urlTemplate":"https:\/\/gelato49.com\/it\/?s={search_term_string}"},"query-input":{"@type":"PropertyValueSpecification","valueRequired":true,"valueName":"search_term_string"}}],"inLanguage":"it-IT"},{"@type":"Organization","@id":"https:\/\/gelato49.com\/it\/#organization","name":"Gelato 49 \u2013 Artigiani di Bologna","url":"https:\/\/gelato49.com\/it\/","logo":{"@type":"ImageObject","inLanguage":"it-IT","@id":"https:\/\/gelato49.com\/it\/#\/schema\/logo\/image\/","url":"https:\/\/gelato49.com\/wp-content\/uploads\/2020\/02\/G49.png","contentUrl":"https:\/\/gelato49.com\/wp-content\/uploads\/2020\/02\/G49.png","width":680,"height":560,"caption":"Gelato 49 \u2013 Artigiani di Bologna"},"image":{"@id":"https:\/\/gelato49.com\/it\/#\/schema\/logo\/image\/"},"sameAs":["https:\/\/www.facebook.com\/Gelato49","https:\/\/www.instagram.com\/gelato49_com\/","https:\/\/www.youtube.com\/channel\/UCfM4I_VBaYx-O529WfWBoNQ"]}]}},"_links":{"self":[{"href":"https:\/\/gelato49.com\/it\/wp-json\/wp\/v2\/pages\/1965","targetHints":{"allow":["GET"]}}],"collection":[{"href":"https:\/\/gelato49.com\/it\/wp-json\/wp\/v2\/pages"}],"about":[{"href":"https:\/\/gelato49.com\/it\/wp-json\/wp\/v2\/types\/page"}],"author":[{"embeddable":true,"href":"https:\/\/gelato49.com\/it\/wp-json\/wp\/v2\/users\/1"}],"replies":[{"embeddable":true,"href":"https:\/\/gelato49.com\/it\/wp-json\/wp\/v2\/comments?post=1965"}],"version-history":[{"count":0,"href":"https:\/\/gelato49.com\/it\/wp-json\/wp\/v2\/pages\/1965\/revisions"}],"wp:attachment":[{"href":"https:\/\/gelato49.com\/it\/wp-json\/wp\/v2\/media?parent=1965"}],"curies":[{"name":"wp","href":"https:\/\/api.w.org\/{rel}","templated":true}]}}