{"id":1023,"date":"2020-02-13T13:19:35","date_gmt":"2020-02-13T12:19:35","guid":{"rendered":"https:\/\/gelato49.com\/protezione-dei-dati\/"},"modified":"2023-03-23T15:53:37","modified_gmt":"2023-03-23T14:53:37","slug":"protezione-dei-dati","status":"publish","type":"page","link":"https:\/\/gelato49.com\/it\/protezione-dei-dati\/","title":{"rendered":"Protezione dei dati"},"content":{"rendered":"<div class=\"fusion-fullwidth fullwidth-box fusion-builder-row-1 nonhundred-percent-fullwidth non-hundred-percent-height-scrolling\" style=\"--awb-border-radius-top-left:0px;--awb-border-radius-top-right:0px;--awb-border-radius-bottom-right:0px;--awb-border-radius-bottom-left:0px;--awb-padding-right:15%;--awb-padding-left:15%;--awb-flex-wrap:wrap;\" ><div class=\"fusion-builder-row fusion-row\"><div class=\"fusion-layout-column fusion_builder_column fusion-builder-column-0 fusion_builder_column_1_1 1_1 fusion-one-full fusion-column-first fusion-column-last\" style=\"--awb-padding-right:15%;--awb-padding-left:15%;--awb-bg-size:cover;\"><div class=\"fusion-column-wrapper fusion-column-has-shadow fusion-flex-column-wrapper-legacy\"><div class=\"fusion-title title fusion-title-1 fusion-title-center fusion-title-text fusion-title-size-one\" style=\"--awb-margin-top:75px;--awb-margin-bottom:50px;--awb-margin-top-small:50px;--awb-margin-right-small:0px;--awb-margin-bottom-small:25px;--awb-margin-left-small:0px;\"><div class=\"title-sep-container title-sep-container-left\"><div class=\"title-sep sep-single sep-solid\" style=\"border-color:#b09c7d;\"><\/div><\/div><span class=\"awb-title-spacer\"><\/span><h1 class=\"fusion-title-heading title-heading-center fusion-responsive-typography-calculated\" style=\"margin:0;--fontSize:72;line-height:0.9;\">Informativa sulla privacy<\/h1><span class=\"awb-title-spacer\"><\/span><div class=\"title-sep-container title-sep-container-right\"><div class=\"title-sep sep-single sep-solid\" style=\"border-color:#b09c7d;\"><\/div><\/div><\/div><div class=\"fusion-text fusion-text-1\"><div class=\"fusion-text\">\n<h2>1. Nome e dati di contatto<\/h2>\n<p>L&#8217;indirizzo del nostro sito web \u00e8: <a href=\"https:\/\/www.gelato49.com\"><br \/>\n<strong>https:\/\/www.gelato49.com<\/strong><br \/>\n<\/a><br \/>\nResponsabile: <strong>Gelato49 GmbH, Neuss<\/strong>,<br \/>\nrappresentato dal Direttore Generale: Erg\u00fcn Katak, Heerdterbuschstr. 10, 40460 Neuss,<br \/>\nEmail: <a href=\"mailto:info@gelato49.com\"><strong>info[at]gelato49[dot]com<\/strong><\/a>, telefono: +49-2131-2032636<\/p>\n<h2>2. Raccolta e conservazione dei dati personali<br \/>\ne la natura e lo scopo del loro utilizzo<\/h2>\n<h3>Quando si visita il sito web<\/h3>\n<p>Quando visitate il nostro sito web <a href=\"https:\/\/www.gelato49.com\"><strong>www.gelato49.com<\/strong>,<\/a> le informazioni vengono inviate automaticamente al server del nostro sito web dal browser utilizzato sul vostro dispositivo finale. Queste informazioni vengono temporaneamente memorizzate in un cosiddetto file di log. Le seguenti informazioni vengono raccolte senza l&#8217;intervento dell&#8217;utente e conservate fino alla cancellazione automatica:<\/p>\n<ul>\n<li>Indirizzo IP del computer richiedente<\/li>\n<li>Data e ora dell&#8217;accesso<\/li>\n<li>Nome e URL del file recuperato<\/li>\n<li>Sito web dal quale \u00e8 stato effettuato l&#8217;accesso (URL di riferimento)<\/li>\n<li>Il browser utilizzato e, se del caso, il sistema operativo del vostro computer, nonch\u00e9 il nome del vostro fornitore di accesso.<\/li>\n<\/ul>\n<p>I dati di cui sopra saranno da noi trattati per le seguenti finalit\u00e0:<\/p>\n<ul>\n<li>Garantire una connessione fluida del sito web<\/li>\n<li>Garantire un uso confortevole del nostro sito web<\/li>\n<li>Valutazione della sicurezza e della stabilit\u00e0 del sistema e<\/li>\n<li>per altri scopi amministrativi.<\/li>\n<\/ul>\n<p>Il fondamento giuridico per il trattamento dei dati \u00e8 l&#8217;art. 6, comma 1, lettera a). 1 S. 1 lit. f RGPD. Il nostro legittimo interesse deriva dalle finalit\u00e0 di raccolta dei dati sopra elencate. In nessun caso utilizziamo i dati raccolti per trarre conclusioni sulla vostra persona.<br \/>\nInoltre, utilizziamo i cookie quando visitate il nostro sito web. Potete trovare informazioni pi\u00f9 dettagliate in merito nelle nostre <strong>linee guida sui cookie<\/strong> e al punto. 4 e 5 della presente informativa sulla privacy.<\/p>\n<h3>Quando si utilizza il nostro modulo di contatto<\/h3>\n<p>Per domande di qualsiasi tipo, vi offriamo la possibilit\u00e0 di contattarci tramite un <strong>modulo<\/strong> fornito sul sito web. \u00c8 necessario fornire un indirizzo e-mail valido per sapere da chi proviene la richiesta e per poter rispondere. Ulteriori informazioni possono essere fornite volontariamente.<br \/>\nIl trattamento dei dati per il contatto con noi avviene in conformit\u00e0 con l&#8217;art. 6 comma. 1 S. 1 lit. un RGPD sulla base del vostro consenso volontario.<br \/>\nI dati personali da noi raccolti per l&#8217;utilizzo del modulo di contatto saranno automaticamente cancellati al termine della richiesta.<\/p>\n<h2>3. Divulgazione dei dati<\/h2>\n<p>I vostri dati personali non saranno trasferiti a terzi per scopi diversi da quelli elencati di seguito.<br \/>\nCondivideremo i vostri dati personali con terze parti solo se:<\/p>\n<ul>\n<li>Ci avete fornito i vostri dati personali ai sensi dell&#8217;Art. 6 Para. 1 S. 1 lit. un RGPD hanno dato il loro esplicito consenso a farlo<\/li>\n<li>la divulgazione ai sensi dell&#8217;art. 6 par. 1 S. 1 lit. f RGPD \u00e8 necessario per l&#8217;affermazione, l&#8217;esercizio o la difesa di rivendicazioni legali e non c&#8217;\u00e8 motivo di ritenere che abbiate un interesse legittimo prevalente alla non divulgazione dei vostri dati.<\/li>\n<li>nel caso in cui la divulgazione sia richiesta ai sensi dell&#8217;art. 6 par. 1 S. 1 lit. c RGPD esiste un obbligo legale<\/li>\n<li>come consentito dalla legge e in conformit\u00e0 con l&#8217;Art. 6 Para. 1 S. 1 lit. b RGPD \u00e8 necessario per l&#8217;elaborazione dei rapporti contrattuali con voi.<\/li>\n<\/ul>\n<h2>4. Cookie<\/h2>\n<p>Il nostro sito web utilizza i cookie. Una descrizione dettagliata dei cookie utilizzati e la possibilit\u00e0 di opporsi al loro utilizzo sono disponibili nella nostra <a href=\"https:\/\/gelato49.com\/it\/direttiva-sui-cookie-ue\/\"><br \/>\n<strong>Politica sui cookie<\/strong><\/a>.<\/p>\n<h2>5. Integrazione di servizi e contenuti di terzi<\/h2>\n<p>Nell&#8217;ambito della nostra offerta online, utilizziamo contenuti o offerte di servizi di fornitori terzi sulla base dei nostri interessi legittimi (ossia l&#8217;interesse per l&#8217;analisi, l&#8217;ottimizzazione e il funzionamento economico della nostra offerta online ai sensi dell&#8217;art. 6 par. 1 lett. f. RGPD) contenuti o offerte di servizi di fornitori terzi al fine di integrare i loro contenuti e servizi, come ad esempio video o mappe stradali (di seguito denominati uniformemente &#8220;contenuti&#8221;). Ci\u00f2 presuppone sempre che i fornitori terzi di questi contenuti siano a conoscenza dell&#8217;indirizzo IP degli utenti, poich\u00e9 senza l&#8217;indirizzo IP non sarebbero in grado di inviare i contenuti al browser. L&#8217;indirizzo IP \u00e8 quindi necessario per la visualizzazione di questo contenuto. Ci sforziamo di utilizzare solo contenuti i cui rispettivi fornitori utilizzano l&#8217;indirizzo IP solo per fornire i contenuti. I fornitori terzi possono anche utilizzare i cosiddetti pixel tag (grafici invisibili, noti anche come &#8220;web beacon&#8221;) per scopi statistici o di marketing. I &#8220;pixel tag&#8221; possono essere utilizzati per valutare informazioni quali il traffico di visitatori sulle pagine di questo sito web. Le informazioni pseudonime possono anche essere memorizzate nei cookie sul dispositivo dell&#8217;utente e possono contenere, tra l&#8217;altro, informazioni tecniche sul browser e sul sistema operativo, sui siti web di riferimento, sull&#8217;ora della visita e altre informazioni sull&#8217;utilizzo della nostra offerta online, nonch\u00e9 essere collegate a tali informazioni provenienti da altre fonti.<\/p>\n<h2>6. Diritti dell&#8217;interessato<\/h2>\n<p>Avete il diritto<\/p>\n<ul>\n<li>richiedere informazioni sui vostri dati personali da noi trattati ai sensi dell&#8217;art. 15 RGPD. In particolare, potete richiedere informazioni sulle finalit\u00e0 del trattamento, sulla categoria di dati personali, sulle categorie di destinatari a cui i vostri dati sono stati o saranno comunicati, sul periodo di conservazione previsto, sull&#8217;esistenza di un diritto di rettifica, di cancellazione, di limitazione del trattamento o di opposizione, sull&#8217;esistenza di un diritto di reclamo, sull&#8217;origine dei vostri dati se non sono stati raccolti da noi, nonch\u00e9 sull&#8217;esistenza di un processo decisionale automatizzato, compresa la profilazione e, se del caso, informazioni significative sui relativi dettagli;<\/li>\n<li>richiedere senza indugio la correzione di dati personali errati o incompleti da noi memorizzati, ai sensi dell&#8217;art. 16 RGPD;<\/li>\n<li>ai sensi dell&#8217;art. 17 RGPD di richiedere la cancellazione dei vostri dati personali da noi memorizzati, a meno che il trattamento non sia necessario per l&#8217;esercizio del diritto alla libert\u00e0 di espressione e di informazione, per l&#8217;adempimento di un obbligo legale, per motivi di interesse pubblico o per l&#8217;affermazione, l&#8217;esercizio o la difesa di rivendicazioni legali;<\/li>\n<li>richiedere la limitazione del trattamento dei vostri dati personali ai sensi dell&#8217;art. 18 RGPD, nella misura in cui l&#8217;esattezza dei dati sia contestata da voi, il trattamento sia illegittimo, ma voi vi opponiate alla loro cancellazione e noi non abbiamo pi\u00f9 bisogno dei dati, ma voi ne abbiate bisogno per l&#8217;affermazione, l&#8217;esercizio o la difesa di diritti legali o vi siate opposti al trattamento ai sensi dell&#8217;art. 21 RGPD;<\/li>\n<li>ai sensi dell&#8217;art. 20 RGPD di ricevere i vostri dati personali che ci avete fornito in un formato strutturato, comune e leggibile da una macchina o di richiederne il trasferimento a un altro responsabile del trattamento;<\/li>\n<li>ai sensi dell&#8217;art. 7 par. 3 RGPD di revocare il consenso in qualsiasi momento. Ci\u00f2 ha come conseguenza che non potremo pi\u00f9 continuare il trattamento dei dati sulla base di tale consenso per il futuro;<\/li>\n<li>presentare un reclamo a un&#8217;autorit\u00e0 di vigilanza ai sensi dell&#8217;art. 77 RGPD. Di norma, \u00e8 possibile rivolgersi all&#8217;autorit\u00e0 di controllo del luogo di residenza abituale o del luogo di lavoro o alla sede della nostra associazione.<\/li>\n<\/ul>\n<h2>7. Diritto di obiezione<\/h2>\n<p>Se i vostri dati personali sono raccolti sulla base di interessi legittimi ai sensi dell&#8217;art. 6 par. 1 S. 1 lit. f RGPD, avete il diritto di opporvi al trattamento dei vostri dati personali ai sensi dell&#8217;articolo 21 RGPD, nella misura in cui sussistano motivi derivanti dalla vostra situazione particolare o l&#8217;obiezione sia diretta contro il marketing diretto. In quest&#8217;ultimo caso, l&#8217;utente dispone di un diritto di opposizione generale, che viene da noi attuato senza specificare una situazione particolare.<br \/>\nSe si desidera esercitare il diritto di revoca o di opposizione, \u00e8 sufficiente inviare un&#8217;e-mail tramite il nostro <strong>modulo di contatto<\/strong>.<\/p>\n<h2>8. Sicurezza dei dati<\/h2>\n<p>Nell&#8217;ambito della visita al sito web, utilizziamo la diffusa procedura SSL (Secure Socket Layer) insieme al pi\u00f9 alto livello di crittografia supportato dal vostro browser. Di norma, si tratta di una crittografia a 256 bit. Se il vostro browser non supporta la crittografia a 256 bit, utilizziamo invece la tecnologia a 128 bit v3. Per sapere se una singola pagina del nostro sito web viene trasmessa in forma criptata, potete visualizzare il simbolo della chiave o del lucchetto nella barra di stato del vostro browser.<br \/>\nUtilizziamo inoltre misure di sicurezza tecniche e organizzative adeguate per proteggere i vostri dati da manipolazioni accidentali o intenzionali, perdita parziale o completa, distruzione o accesso non autorizzato da parte di terzi. Le nostre misure di sicurezza vengono continuamente migliorate in linea con gli sviluppi tecnologici.<\/p>\n<h2>9. Aggiornamento e modifica della presente informativa sulla privacy<\/h2>\n<p>La presente informativa sulla privacy \u00e8 valida a partire da febbraio 2020.<br \/>\nA causa dell&#8217;ulteriore sviluppo del nostro sito web e delle offerte su di esso o a causa di mutati requisiti legali o ufficiali, potrebbe essere necessario modificare la presente dichiarazione sulla protezione dei dati. L&#8217;attuale dichiarazione sulla protezione dei dati pu\u00f2 essere consultata in qualsiasi momento sul sito web all&#8217;indirizzo <a href=\"https:\/\/www.gelato49.com\/datenschutz\"><strong>https:\/\/<\/strong><strong>www.gelato49.com\/datenschutz<\/strong><\/a> e pu\u00f2 essere stampata.<\/p>\n<\/div>\n<\/div><div class=\"fusion-clearfix\"><\/div><\/div><\/div><\/div><\/div>\n","protected":false},"excerpt":{"rendered":"","protected":false},"author":1,"featured_media":0,"parent":0,"menu_order":0,"comment_status":"closed","ping_status":"closed","template":"","meta":{"footnotes":""},"class_list":["post-1023","page","type-page","status-publish","hentry"],"yoast_head":"<!-- This site is optimized with the Yoast SEO plugin v27.4 - https:\/\/yoast.com\/product\/yoast-seo-wordpress\/ -->\n<title>Gelato49 - Artigiani di Bologna | Protezione dei dati<\/title>\n<meta name=\"description\" content=\"Gelato49 \u2013 Artigiani di Bologna. Handwerklich gefertigte italienische Speiseeis- und Konditoreiprodukte. Eisdielen und Eiscaf\u00e9s in Bielefeld, Dortmund und D\u00fcsseldorf.\" \/>\n<meta name=\"robots\" content=\"index, follow, max-snippet:-1, max-image-preview:large, max-video-preview:-1\" \/>\n<link rel=\"canonical\" href=\"https:\/\/gelato49.com\/it\/protezione-dei-dati\/\" \/>\n<meta property=\"og:locale\" content=\"it_IT\" \/>\n<meta property=\"og:type\" content=\"article\" \/>\n<meta property=\"og:title\" content=\"Gelato49 - Artigiani di Bologna | Protezione dei dati\" \/>\n<meta property=\"og:description\" content=\"Gelato49 \u2013 Artigiani di Bologna. Handwerklich gefertigte italienische Speiseeis- und Konditoreiprodukte. Eisdielen und Eiscaf\u00e9s in Bielefeld, Dortmund und D\u00fcsseldorf.\" \/>\n<meta property=\"og:url\" content=\"https:\/\/gelato49.com\/it\/protezione-dei-dati\/\" \/>\n<meta property=\"og:site_name\" content=\"Gelato49 - Artigiani di Bologna\" \/>\n<meta property=\"article:publisher\" content=\"https:\/\/www.facebook.com\/Gelato49\" \/>\n<meta property=\"article:modified_time\" content=\"2023-03-23T14:53:37+00:00\" \/>\n<meta name=\"twitter:card\" content=\"summary_large_image\" \/>\n<meta name=\"twitter:label1\" content=\"Tempo di lettura stimato\" \/>\n\t<meta name=\"twitter:data1\" content=\"10 minuti\" \/>\n<script type=\"application\/ld+json\" class=\"yoast-schema-graph\">{\"@context\":\"https:\\\/\\\/schema.org\",\"@graph\":[{\"@type\":\"WebPage\",\"@id\":\"https:\\\/\\\/gelato49.com\\\/it\\\/protezione-dei-dati\\\/\",\"url\":\"https:\\\/\\\/gelato49.com\\\/it\\\/protezione-dei-dati\\\/\",\"name\":\"Gelato49 - Artigiani di Bologna | Protezione dei dati\",\"isPartOf\":{\"@id\":\"https:\\\/\\\/gelato49.com\\\/it\\\/#website\"},\"datePublished\":\"2020-02-13T12:19:35+00:00\",\"dateModified\":\"2023-03-23T14:53:37+00:00\",\"description\":\"Gelato49 \u2013 Artigiani di Bologna. Handwerklich gefertigte italienische Speiseeis- und Konditoreiprodukte. Eisdielen und Eiscaf\u00e9s in Bielefeld, Dortmund und D\u00fcsseldorf.\",\"breadcrumb\":{\"@id\":\"https:\\\/\\\/gelato49.com\\\/it\\\/protezione-dei-dati\\\/#breadcrumb\"},\"inLanguage\":\"it-IT\",\"potentialAction\":[{\"@type\":\"ReadAction\",\"target\":[\"https:\\\/\\\/gelato49.com\\\/it\\\/protezione-dei-dati\\\/\"]}]},{\"@type\":\"BreadcrumbList\",\"@id\":\"https:\\\/\\\/gelato49.com\\\/it\\\/protezione-dei-dati\\\/#breadcrumb\",\"itemListElement\":[{\"@type\":\"ListItem\",\"position\":1,\"name\":\"Startseite\",\"item\":\"https:\\\/\\\/gelato49.com\\\/it\\\/\"},{\"@type\":\"ListItem\",\"position\":2,\"name\":\"Protezione dei dati\"}]},{\"@type\":\"WebSite\",\"@id\":\"https:\\\/\\\/gelato49.com\\\/it\\\/#website\",\"url\":\"https:\\\/\\\/gelato49.com\\\/it\\\/\",\"name\":\"Gelato49\",\"description\":\"Handwerklich hergestelltes italienisches Speiseeis - Eisdielen und Eiscaf\u00e9s in Bielefeld, Dortmund und D\u00fcsseldorf\",\"publisher\":{\"@id\":\"https:\\\/\\\/gelato49.com\\\/it\\\/#organization\"},\"potentialAction\":[{\"@type\":\"SearchAction\",\"target\":{\"@type\":\"EntryPoint\",\"urlTemplate\":\"https:\\\/\\\/gelato49.com\\\/it\\\/?s={search_term_string}\"},\"query-input\":{\"@type\":\"PropertyValueSpecification\",\"valueRequired\":true,\"valueName\":\"search_term_string\"}}],\"inLanguage\":\"it-IT\"},{\"@type\":\"Organization\",\"@id\":\"https:\\\/\\\/gelato49.com\\\/it\\\/#organization\",\"name\":\"Gelato 49 \u2013 Artigiani di Bologna\",\"url\":\"https:\\\/\\\/gelato49.com\\\/it\\\/\",\"logo\":{\"@type\":\"ImageObject\",\"inLanguage\":\"it-IT\",\"@id\":\"https:\\\/\\\/gelato49.com\\\/it\\\/#\\\/schema\\\/logo\\\/image\\\/\",\"url\":\"https:\\\/\\\/gelato49.com\\\/wp-content\\\/uploads\\\/2020\\\/02\\\/G49.png\",\"contentUrl\":\"https:\\\/\\\/gelato49.com\\\/wp-content\\\/uploads\\\/2020\\\/02\\\/G49.png\",\"width\":680,\"height\":560,\"caption\":\"Gelato 49 \u2013 Artigiani di Bologna\"},\"image\":{\"@id\":\"https:\\\/\\\/gelato49.com\\\/it\\\/#\\\/schema\\\/logo\\\/image\\\/\"},\"sameAs\":[\"https:\\\/\\\/www.facebook.com\\\/Gelato49\",\"https:\\\/\\\/www.instagram.com\\\/gelato49_com\\\/\",\"https:\\\/\\\/www.youtube.com\\\/channel\\\/UCfM4I_VBaYx-O529WfWBoNQ\"]}]}<\/script>\n<!-- \/ Yoast SEO plugin. -->","yoast_head_json":{"title":"Gelato49 - Artigiani di Bologna | Protezione dei dati","description":"Gelato49 \u2013 Artigiani di Bologna. Handwerklich gefertigte italienische Speiseeis- und Konditoreiprodukte. Eisdielen und Eiscaf\u00e9s in Bielefeld, Dortmund und D\u00fcsseldorf.","robots":{"index":"index","follow":"follow","max-snippet":"max-snippet:-1","max-image-preview":"max-image-preview:large","max-video-preview":"max-video-preview:-1"},"canonical":"https:\/\/gelato49.com\/it\/protezione-dei-dati\/","og_locale":"it_IT","og_type":"article","og_title":"Gelato49 - Artigiani di Bologna | Protezione dei dati","og_description":"Gelato49 \u2013 Artigiani di Bologna. Handwerklich gefertigte italienische Speiseeis- und Konditoreiprodukte. Eisdielen und Eiscaf\u00e9s in Bielefeld, Dortmund und D\u00fcsseldorf.","og_url":"https:\/\/gelato49.com\/it\/protezione-dei-dati\/","og_site_name":"Gelato49 - Artigiani di Bologna","article_publisher":"https:\/\/www.facebook.com\/Gelato49","article_modified_time":"2023-03-23T14:53:37+00:00","twitter_card":"summary_large_image","twitter_misc":{"Tempo di lettura stimato":"10 minuti"},"schema":{"@context":"https:\/\/schema.org","@graph":[{"@type":"WebPage","@id":"https:\/\/gelato49.com\/it\/protezione-dei-dati\/","url":"https:\/\/gelato49.com\/it\/protezione-dei-dati\/","name":"Gelato49 - Artigiani di Bologna | Protezione dei dati","isPartOf":{"@id":"https:\/\/gelato49.com\/it\/#website"},"datePublished":"2020-02-13T12:19:35+00:00","dateModified":"2023-03-23T14:53:37+00:00","description":"Gelato49 \u2013 Artigiani di Bologna. Handwerklich gefertigte italienische Speiseeis- und Konditoreiprodukte. Eisdielen und Eiscaf\u00e9s in Bielefeld, Dortmund und D\u00fcsseldorf.","breadcrumb":{"@id":"https:\/\/gelato49.com\/it\/protezione-dei-dati\/#breadcrumb"},"inLanguage":"it-IT","potentialAction":[{"@type":"ReadAction","target":["https:\/\/gelato49.com\/it\/protezione-dei-dati\/"]}]},{"@type":"BreadcrumbList","@id":"https:\/\/gelato49.com\/it\/protezione-dei-dati\/#breadcrumb","itemListElement":[{"@type":"ListItem","position":1,"name":"Startseite","item":"https:\/\/gelato49.com\/it\/"},{"@type":"ListItem","position":2,"name":"Protezione dei dati"}]},{"@type":"WebSite","@id":"https:\/\/gelato49.com\/it\/#website","url":"https:\/\/gelato49.com\/it\/","name":"Gelato49","description":"Handwerklich hergestelltes italienisches Speiseeis - Eisdielen und Eiscaf\u00e9s in Bielefeld, Dortmund und D\u00fcsseldorf","publisher":{"@id":"https:\/\/gelato49.com\/it\/#organization"},"potentialAction":[{"@type":"SearchAction","target":{"@type":"EntryPoint","urlTemplate":"https:\/\/gelato49.com\/it\/?s={search_term_string}"},"query-input":{"@type":"PropertyValueSpecification","valueRequired":true,"valueName":"search_term_string"}}],"inLanguage":"it-IT"},{"@type":"Organization","@id":"https:\/\/gelato49.com\/it\/#organization","name":"Gelato 49 \u2013 Artigiani di Bologna","url":"https:\/\/gelato49.com\/it\/","logo":{"@type":"ImageObject","inLanguage":"it-IT","@id":"https:\/\/gelato49.com\/it\/#\/schema\/logo\/image\/","url":"https:\/\/gelato49.com\/wp-content\/uploads\/2020\/02\/G49.png","contentUrl":"https:\/\/gelato49.com\/wp-content\/uploads\/2020\/02\/G49.png","width":680,"height":560,"caption":"Gelato 49 \u2013 Artigiani di Bologna"},"image":{"@id":"https:\/\/gelato49.com\/it\/#\/schema\/logo\/image\/"},"sameAs":["https:\/\/www.facebook.com\/Gelato49","https:\/\/www.instagram.com\/gelato49_com\/","https:\/\/www.youtube.com\/channel\/UCfM4I_VBaYx-O529WfWBoNQ"]}]}},"_links":{"self":[{"href":"https:\/\/gelato49.com\/it\/wp-json\/wp\/v2\/pages\/1023","targetHints":{"allow":["GET"]}}],"collection":[{"href":"https:\/\/gelato49.com\/it\/wp-json\/wp\/v2\/pages"}],"about":[{"href":"https:\/\/gelato49.com\/it\/wp-json\/wp\/v2\/types\/page"}],"author":[{"embeddable":true,"href":"https:\/\/gelato49.com\/it\/wp-json\/wp\/v2\/users\/1"}],"replies":[{"embeddable":true,"href":"https:\/\/gelato49.com\/it\/wp-json\/wp\/v2\/comments?post=1023"}],"version-history":[{"count":7,"href":"https:\/\/gelato49.com\/it\/wp-json\/wp\/v2\/pages\/1023\/revisions"}],"predecessor-version":[{"id":1070,"href":"https:\/\/gelato49.com\/it\/wp-json\/wp\/v2\/pages\/1023\/revisions\/1070"}],"wp:attachment":[{"href":"https:\/\/gelato49.com\/it\/wp-json\/wp\/v2\/media?parent=1023"}],"curies":[{"name":"wp","href":"https:\/\/api.w.org\/{rel}","templated":true}]}}