{"id":1957,"date":"2020-02-13T13:19:09","date_gmt":"2020-02-13T12:19:09","guid":{"rendered":"https:\/\/gelato49.com\/pie-de-imprenta\/"},"modified":"2025-06-10T16:33:14","modified_gmt":"2025-06-10T14:33:14","slug":"pie-de-imprenta-2","status":"publish","type":"page","link":"https:\/\/gelato49.com\/es\/pie-de-imprenta-2\/","title":{"rendered":"Pie de imprenta"},"content":{"rendered":"<div class=\"fusion-fullwidth fullwidth-box fusion-builder-row-1 nonhundred-percent-fullwidth non-hundred-percent-height-scrolling\" style=\"--awb-border-radius-top-left:0px;--awb-border-radius-top-right:0px;--awb-border-radius-bottom-right:0px;--awb-border-radius-bottom-left:0px;--awb-padding-right:15%;--awb-padding-left:15%;--awb-flex-wrap:wrap;\" ><div class=\"fusion-builder-row fusion-row\"><div class=\"fusion-layout-column fusion_builder_column fusion-builder-column-0 fusion_builder_column_1_1 1_1 fusion-one-full fusion-column-first fusion-column-last\" style=\"--awb-padding-right:15%;--awb-padding-left:15%;--awb-bg-size:cover;--awb-margin-bottom:0px;\"><div class=\"fusion-column-wrapper fusion-column-has-shadow fusion-flex-column-wrapper-legacy\"><div class=\"fusion-title title fusion-title-1 fusion-title-center fusion-title-text fusion-title-size-one\" style=\"--awb-margin-top:75px;--awb-margin-bottom:50px;--awb-margin-top-small:50px;--awb-margin-right-small:0px;--awb-margin-bottom-small:30px;--awb-margin-left-small:0px;\"><div class=\"title-sep-container title-sep-container-left\"><div class=\"title-sep sep-single sep-solid\" style=\"border-color:#b09c7d;\"><\/div><\/div><span class=\"awb-title-spacer\"><\/span><h1 class=\"fusion-title-heading title-heading-center fusion-responsive-typography-calculated\" style=\"margin:0;--fontSize:72;line-height:0.9;\">Pie de imprenta<\/h1><span class=\"awb-title-spacer\"><\/span><div class=\"title-sep-container title-sep-container-right\"><div class=\"title-sep sep-single sep-solid\" style=\"border-color:#b09c7d;\"><\/div><\/div><\/div><div class=\"fusion-text fusion-text-1\"><h2>Operador del sitio web gelato49.com<\/h2>\n<p><strong>Gelato49 GmbH<\/strong><\/p>\n<p>Director General: Erg\u00fcn Katak<br \/>\nHeerdterbuschstra\u00dfe 10, 41460 Neuss<br \/>\nCorreo electr\u00f3nico: <strong><a href=\"mailto:info@gelato49.com\">info[at]gelato49[dot]com<\/a><\/strong><br \/>\nTel\u00e9fono: +49-2131-2032636<\/p>\n<p>Se rechaza el uso de los datos de contacto publicados en el marco de la obligaci\u00f3n del pie de imprenta para el env\u00edo de material publicitario e informativo no solicitado expresamente. El operador de las p\u00e1ginas se reserva expresamente el derecho a emprender acciones legales en caso de env\u00edo no solicitado de informaci\u00f3n publicitaria, por ejemplo mediante correos electr\u00f3nicos basura.<\/p>\n<h2>Material de texto, imagen y sonido utilizado<\/h2>\n<p>Salvo indicaci\u00f3n contraria: \u00a9 Gelato49 GmbH, Neuss.<br \/>\nLo siguiente se aplica a todos: los textos, im\u00e1genes y archivos de audio est\u00e1n sujetos a la protecci\u00f3n de los derechos de autor. Prohibida la copia y redistribuci\u00f3n no autorizadas.<\/p>\n<\/div><div class=\"fusion-title title fusion-title-2 fusion-title-center fusion-title-text fusion-title-size-one\" style=\"--awb-margin-top:75px;--awb-margin-bottom:50px;--awb-margin-top-small:50px;--awb-margin-right-small:0px;--awb-margin-bottom-small:25px;--awb-margin-left-small:0px;\"><div class=\"title-sep-container title-sep-container-left\"><div class=\"title-sep sep-single sep-solid\" style=\"border-color:#b09c7d;\"><\/div><\/div><span class=\"awb-title-spacer\"><\/span><h1 class=\"fusion-title-heading title-heading-center fusion-responsive-typography-calculated\" style=\"margin:0;--fontSize:72;line-height:0.9;\">Notas y descargo de responsabilidad<\/h1><span class=\"awb-title-spacer\"><\/span><div class=\"title-sep-container title-sep-container-right\"><div class=\"title-sep sep-single sep-solid\" style=\"border-color:#b09c7d;\"><\/div><\/div><\/div><div class=\"fusion-text fusion-text-2\"><h2>Contenido del sitio web<\/h2>\n<p>Hacemos todo lo posible para garantizar que el contenido de nuestro sitio web est\u00e9 siempre actualizado y sea correcto. No obstante, no puede descartarse por completo la aparici\u00f3n de errores. Por lo tanto, no asumimos ninguna responsabilidad por la actualidad, exactitud, integridad o calidad de la informaci\u00f3n facilitada. Por lo tanto, se rechazar\u00e1n las reclamaciones de responsabilidad por da\u00f1os causados por el uso de cualquier informaci\u00f3n facilitada, incluida cualquier clase de informaci\u00f3n que sea incompleta o incorrecta, a menos que el error se haya producido intencionadamente o por negligencia grave.<br \/>\nTodas las ofertas est\u00e1n sujetas a cambios y no son vinculantes. Nos reservamos expresamente el derecho a modificar, completar o eliminar partes de las p\u00e1ginas o toda la oferta sin previo aviso o a suspender la publicaci\u00f3n temporal o definitivamente.<\/p>\n<h2>Referencias externas y enlaces<\/h2>\n<p>En su sentencia de 12 de mayo de 1998, el Tribunal Regional de Hamburgo dictamin\u00f3 que la inclusi\u00f3n de un enlace directo o indirecto a una p\u00e1gina web externa (\u00abenlace\u00bb) puede dar lugar a la corresponsabilidad por el contenido de la p\u00e1gina enlazada. Seg\u00fan el LG, esto s\u00f3lo puede evitarse distanci\u00e1ndose expresamente de estos contenidos.<br \/>\nEn el momento de enlazar a las correspondientes p\u00e1ginas enlazadas, no nos fueron reconocidos contenidos ilegales. No tenemos ninguna influencia sobre el dise\u00f1o actual y futuro, el contenido o la autor\u00eda de las p\u00e1ginas enlazadas. Por lo tanto, nos distanciamos expresamente del material de todos los sitios web de terceros, incluso si nuestro sitio web enlaza con estos sitios externos. Esta declaraci\u00f3n se aplica a todos los enlaces y referencias establecidos dentro de nuestra oferta de Internet, as\u00ed como a las entradas externas en libros de visitas, foros de discusi\u00f3n y listas de correo creados o gestionados por nosotros y a otros contenidos de p\u00e1ginas interactivas que puedan ser rellenados con contenidos por los usuarios de nuestra oferta de Internet. De los contenidos ilegales, incorrectos o incompletos y, especialmente, de los da\u00f1os derivados del uso o no uso de dicha informaci\u00f3n, s\u00f3lo ser\u00e1 responsable el proveedor de la p\u00e1gina enlazada.<\/p>\n<h2>Derechos de autor y marcas registradas<\/h2>\n<p>Todas las marcas y nombres comerciales mencionados en el sitio web y posiblemente protegidos por terceros est\u00e1n sujetos sin restricciones a las disposiciones de la legislaci\u00f3n aplicable en materia de marcas y a los derechos de propiedad de los respectivos propietarios registrados. Los derechos de autor de los objetos publicados y creados por nosotros son exclusivamente nuestros como autores de las p\u00e1ginas. Queda prohibida la reproducci\u00f3n o utilizaci\u00f3n de objetos como diagramas, sonidos o textos en otras publicaciones electr\u00f3nicas o impresas sin nuestro consentimiento.<\/p>\n<h2>Protecci\u00f3n de datos<\/h2>\n<p>Nos tomamos muy en serio la protecci\u00f3n de sus datos personales. Tratamos sus datos personales de forma confidencial y de acuerdo con la normativa legal sobre protecci\u00f3n de datos y nuestra <a href=\"https:\/\/gelato49.com\/es\/proteccion-de-datos\/\"><strong>Pol\u00edtica de privacidad<\/strong><\/a>.<\/p>\n<h2>Validez jur\u00eddica<\/h2>\n<p>Este descargo de responsabilidad forma parte de nuestro sitio web. Si formulaciones individuales o partes de este texto no cumplen o dejan de cumplir plenamente la situaci\u00f3n legal aplicable, esto no afectar\u00e1 a las partes restantes de esta declaraci\u00f3n.<\/p>\n<\/div><div class=\"fusion-clearfix\"><\/div><\/div><\/div><\/div><\/div>\n","protected":false},"excerpt":{"rendered":"","protected":false},"author":1,"featured_media":0,"parent":0,"menu_order":0,"comment_status":"closed","ping_status":"closed","template":"","meta":{"footnotes":""},"class_list":["post-1957","page","type-page","status-publish","hentry"],"yoast_head":"<!-- This site is optimized with the Yoast SEO plugin v27.4 - https:\/\/yoast.com\/product\/yoast-seo-wordpress\/ -->\n<title>Gelato49 - Artigiani di Bologna | Pie de imprenta<\/title>\n<meta name=\"description\" content=\"Pie de imprenta de la p\u00e1gina web de Gelato49 GmbH, heladeros artesanos de Bolonia, representados por helader\u00edas en Bielefeld, Dortmund y D\u00fcsseldorf.\" \/>\n<meta name=\"robots\" content=\"index, follow, max-snippet:-1, max-image-preview:large, max-video-preview:-1\" \/>\n<link rel=\"canonical\" href=\"https:\/\/gelato49.com\/es\/pie-de-imprenta-2\/\" \/>\n<meta property=\"og:locale\" content=\"es_ES\" \/>\n<meta property=\"og:type\" content=\"article\" \/>\n<meta property=\"og:title\" content=\"Gelato49 - Artigiani di Bologna | Pie de imprenta\" \/>\n<meta property=\"og:description\" content=\"Pie de imprenta de la p\u00e1gina web de Gelato49 GmbH, heladeros artesanos de Bolonia, representados por helader\u00edas en Bielefeld, Dortmund y D\u00fcsseldorf.\" \/>\n<meta property=\"og:url\" content=\"https:\/\/gelato49.com\/es\/pie-de-imprenta-2\/\" \/>\n<meta property=\"og:site_name\" content=\"Gelato49 - Artigiani di Bologna\" \/>\n<meta property=\"article:publisher\" content=\"https:\/\/www.facebook.com\/Gelato49\" \/>\n<meta property=\"article:modified_time\" content=\"2025-06-10T14:33:14+00:00\" \/>\n<meta name=\"twitter:card\" content=\"summary_large_image\" \/>\n<meta name=\"twitter:label1\" content=\"Tiempo de lectura\" \/>\n\t<meta name=\"twitter:data1\" content=\"7 minutos\" \/>\n<script type=\"application\/ld+json\" class=\"yoast-schema-graph\">{\"@context\":\"https:\\\/\\\/schema.org\",\"@graph\":[{\"@type\":\"WebPage\",\"@id\":\"https:\\\/\\\/gelato49.com\\\/es\\\/pie-de-imprenta-2\\\/\",\"url\":\"https:\\\/\\\/gelato49.com\\\/es\\\/pie-de-imprenta-2\\\/\",\"name\":\"Gelato49 - Artigiani di Bologna | Pie de imprenta\",\"isPartOf\":{\"@id\":\"https:\\\/\\\/gelato49.com\\\/es\\\/#website\"},\"datePublished\":\"2020-02-13T12:19:09+00:00\",\"dateModified\":\"2025-06-10T14:33:14+00:00\",\"description\":\"Pie de imprenta de la p\u00e1gina web de Gelato49 GmbH, heladeros artesanos de Bolonia, representados por helader\u00edas en Bielefeld, Dortmund y D\u00fcsseldorf.\",\"breadcrumb\":{\"@id\":\"https:\\\/\\\/gelato49.com\\\/es\\\/pie-de-imprenta-2\\\/#breadcrumb\"},\"inLanguage\":\"es\",\"potentialAction\":[{\"@type\":\"ReadAction\",\"target\":[\"https:\\\/\\\/gelato49.com\\\/es\\\/pie-de-imprenta-2\\\/\"]}]},{\"@type\":\"BreadcrumbList\",\"@id\":\"https:\\\/\\\/gelato49.com\\\/es\\\/pie-de-imprenta-2\\\/#breadcrumb\",\"itemListElement\":[{\"@type\":\"ListItem\",\"position\":1,\"name\":\"Startseite\",\"item\":\"https:\\\/\\\/gelato49.com\\\/es\\\/\"},{\"@type\":\"ListItem\",\"position\":2,\"name\":\"Pie de imprenta\"}]},{\"@type\":\"WebSite\",\"@id\":\"https:\\\/\\\/gelato49.com\\\/es\\\/#website\",\"url\":\"https:\\\/\\\/gelato49.com\\\/es\\\/\",\"name\":\"Gelato49\",\"description\":\"Handwerklich hergestelltes italienisches Speiseeis - Eisdielen und Eiscaf\u00e9s in Bielefeld, Dortmund und D\u00fcsseldorf\",\"publisher\":{\"@id\":\"https:\\\/\\\/gelato49.com\\\/es\\\/#organization\"},\"potentialAction\":[{\"@type\":\"SearchAction\",\"target\":{\"@type\":\"EntryPoint\",\"urlTemplate\":\"https:\\\/\\\/gelato49.com\\\/es\\\/?s={search_term_string}\"},\"query-input\":{\"@type\":\"PropertyValueSpecification\",\"valueRequired\":true,\"valueName\":\"search_term_string\"}}],\"inLanguage\":\"es\"},{\"@type\":\"Organization\",\"@id\":\"https:\\\/\\\/gelato49.com\\\/es\\\/#organization\",\"name\":\"Gelato 49 \u2013 Artigiani di Bologna\",\"url\":\"https:\\\/\\\/gelato49.com\\\/es\\\/\",\"logo\":{\"@type\":\"ImageObject\",\"inLanguage\":\"es\",\"@id\":\"https:\\\/\\\/gelato49.com\\\/es\\\/#\\\/schema\\\/logo\\\/image\\\/\",\"url\":\"https:\\\/\\\/gelato49.com\\\/wp-content\\\/uploads\\\/2020\\\/02\\\/G49.png\",\"contentUrl\":\"https:\\\/\\\/gelato49.com\\\/wp-content\\\/uploads\\\/2020\\\/02\\\/G49.png\",\"width\":680,\"height\":560,\"caption\":\"Gelato 49 \u2013 Artigiani di Bologna\"},\"image\":{\"@id\":\"https:\\\/\\\/gelato49.com\\\/es\\\/#\\\/schema\\\/logo\\\/image\\\/\"},\"sameAs\":[\"https:\\\/\\\/www.facebook.com\\\/Gelato49\",\"https:\\\/\\\/www.instagram.com\\\/gelato49_com\\\/\",\"https:\\\/\\\/www.youtube.com\\\/channel\\\/UCfM4I_VBaYx-O529WfWBoNQ\"]}]}<\/script>\n<!-- \/ Yoast SEO plugin. -->","yoast_head_json":{"title":"Gelato49 - Artigiani di Bologna | Pie de imprenta","description":"Pie de imprenta de la p\u00e1gina web de Gelato49 GmbH, heladeros artesanos de Bolonia, representados por helader\u00edas en Bielefeld, Dortmund y D\u00fcsseldorf.","robots":{"index":"index","follow":"follow","max-snippet":"max-snippet:-1","max-image-preview":"max-image-preview:large","max-video-preview":"max-video-preview:-1"},"canonical":"https:\/\/gelato49.com\/es\/pie-de-imprenta-2\/","og_locale":"es_ES","og_type":"article","og_title":"Gelato49 - Artigiani di Bologna | Pie de imprenta","og_description":"Pie de imprenta de la p\u00e1gina web de Gelato49 GmbH, heladeros artesanos de Bolonia, representados por helader\u00edas en Bielefeld, Dortmund y D\u00fcsseldorf.","og_url":"https:\/\/gelato49.com\/es\/pie-de-imprenta-2\/","og_site_name":"Gelato49 - Artigiani di Bologna","article_publisher":"https:\/\/www.facebook.com\/Gelato49","article_modified_time":"2025-06-10T14:33:14+00:00","twitter_card":"summary_large_image","twitter_misc":{"Tiempo de lectura":"7 minutos"},"schema":{"@context":"https:\/\/schema.org","@graph":[{"@type":"WebPage","@id":"https:\/\/gelato49.com\/es\/pie-de-imprenta-2\/","url":"https:\/\/gelato49.com\/es\/pie-de-imprenta-2\/","name":"Gelato49 - Artigiani di Bologna | Pie de imprenta","isPartOf":{"@id":"https:\/\/gelato49.com\/es\/#website"},"datePublished":"2020-02-13T12:19:09+00:00","dateModified":"2025-06-10T14:33:14+00:00","description":"Pie de imprenta de la p\u00e1gina web de Gelato49 GmbH, heladeros artesanos de Bolonia, representados por helader\u00edas en Bielefeld, Dortmund y D\u00fcsseldorf.","breadcrumb":{"@id":"https:\/\/gelato49.com\/es\/pie-de-imprenta-2\/#breadcrumb"},"inLanguage":"es","potentialAction":[{"@type":"ReadAction","target":["https:\/\/gelato49.com\/es\/pie-de-imprenta-2\/"]}]},{"@type":"BreadcrumbList","@id":"https:\/\/gelato49.com\/es\/pie-de-imprenta-2\/#breadcrumb","itemListElement":[{"@type":"ListItem","position":1,"name":"Startseite","item":"https:\/\/gelato49.com\/es\/"},{"@type":"ListItem","position":2,"name":"Pie de imprenta"}]},{"@type":"WebSite","@id":"https:\/\/gelato49.com\/es\/#website","url":"https:\/\/gelato49.com\/es\/","name":"Gelato49","description":"Handwerklich hergestelltes italienisches Speiseeis - Eisdielen und Eiscaf\u00e9s in Bielefeld, Dortmund und D\u00fcsseldorf","publisher":{"@id":"https:\/\/gelato49.com\/es\/#organization"},"potentialAction":[{"@type":"SearchAction","target":{"@type":"EntryPoint","urlTemplate":"https:\/\/gelato49.com\/es\/?s={search_term_string}"},"query-input":{"@type":"PropertyValueSpecification","valueRequired":true,"valueName":"search_term_string"}}],"inLanguage":"es"},{"@type":"Organization","@id":"https:\/\/gelato49.com\/es\/#organization","name":"Gelato 49 \u2013 Artigiani di Bologna","url":"https:\/\/gelato49.com\/es\/","logo":{"@type":"ImageObject","inLanguage":"es","@id":"https:\/\/gelato49.com\/es\/#\/schema\/logo\/image\/","url":"https:\/\/gelato49.com\/wp-content\/uploads\/2020\/02\/G49.png","contentUrl":"https:\/\/gelato49.com\/wp-content\/uploads\/2020\/02\/G49.png","width":680,"height":560,"caption":"Gelato 49 \u2013 Artigiani di Bologna"},"image":{"@id":"https:\/\/gelato49.com\/es\/#\/schema\/logo\/image\/"},"sameAs":["https:\/\/www.facebook.com\/Gelato49","https:\/\/www.instagram.com\/gelato49_com\/","https:\/\/www.youtube.com\/channel\/UCfM4I_VBaYx-O529WfWBoNQ"]}]}},"_links":{"self":[{"href":"https:\/\/gelato49.com\/es\/wp-json\/wp\/v2\/pages\/1957","targetHints":{"allow":["GET"]}}],"collection":[{"href":"https:\/\/gelato49.com\/es\/wp-json\/wp\/v2\/pages"}],"about":[{"href":"https:\/\/gelato49.com\/es\/wp-json\/wp\/v2\/types\/page"}],"author":[{"embeddable":true,"href":"https:\/\/gelato49.com\/es\/wp-json\/wp\/v2\/users\/1"}],"replies":[{"embeddable":true,"href":"https:\/\/gelato49.com\/es\/wp-json\/wp\/v2\/comments?post=1957"}],"version-history":[{"count":2,"href":"https:\/\/gelato49.com\/es\/wp-json\/wp\/v2\/pages\/1957\/revisions"}],"predecessor-version":[{"id":1966,"href":"https:\/\/gelato49.com\/es\/wp-json\/wp\/v2\/pages\/1957\/revisions\/1966"}],"wp:attachment":[{"href":"https:\/\/gelato49.com\/es\/wp-json\/wp\/v2\/media?parent=1957"}],"curies":[{"name":"wp","href":"https:\/\/api.w.org\/{rel}","templated":true}]}}