{"id":1213,"date":"2020-02-26T15:35:55","date_gmt":"2020-02-26T14:35:55","guid":{"rendered":"https:\/\/gelato49.com\/empleo\/"},"modified":"2023-04-04T17:31:40","modified_gmt":"2023-04-04T15:31:40","slug":"empleo","status":"publish","type":"page","link":"https:\/\/gelato49.com\/es\/empleo\/","title":{"rendered":"Empleo"},"content":{"rendered":"<div id=\"contacto_es\" class=\"fusion-container-anchor\"><div class=\"fusion-fullwidth fullwidth-box fusion-builder-row-1 nonhundred-percent-fullwidth non-hundred-percent-height-scrolling\" style=\"--awb-border-radius-top-left:0px;--awb-border-radius-top-right:0px;--awb-border-radius-bottom-right:0px;--awb-border-radius-bottom-left:0px;--awb-padding-top:60px;--awb-padding-right:15%;--awb-padding-left:15%;--awb-flex-wrap:wrap;\" ><div class=\"fusion-builder-row fusion-row\"><div class=\"fusion-layout-column fusion_builder_column fusion-builder-column-0 fusion_builder_column_1_1 1_1 fusion-one-full fusion-column-first fusion-column-last\" style=\"--awb-padding-right:15%;--awb-padding-left:15%;--awb-bg-size:cover;\"><div class=\"fusion-column-wrapper fusion-column-has-shadow fusion-flex-column-wrapper-legacy\"><div class=\"fusion-title title fusion-title-1 fusion-title-center fusion-title-text fusion-title-size-one\" style=\"--awb-margin-top:75px;--awb-margin-bottom:50px;--awb-margin-top-small:50px;--awb-margin-right-small:0px;--awb-margin-bottom-small:25px;--awb-margin-left-small:0px;\"><div class=\"title-sep-container title-sep-container-left\"><div class=\"title-sep sep-single sep-solid\" style=\"border-color:#b09c7d;\"><\/div><\/div><span class=\"awb-title-spacer\"><\/span><h1 class=\"fusion-title-heading title-heading-center fusion-responsive-typography-calculated\" style=\"margin:0;--fontSize:72;line-height:0.9;\"><p>Es un trabajo guay,<br \/>\n\u00bfverdad?<\/p><\/h1><span class=\"awb-title-spacer\"><\/span><div class=\"title-sep-container title-sep-container-right\"><div class=\"title-sep sep-single sep-solid\" style=\"border-color:#b09c7d;\"><\/div><\/div><\/div><div class=\"fusion-text fusion-text-1\"><p>En <b>Gelato49<\/b> siempre hay vacantes, por lo que siempre estamos buscando personal de servicio y de temporada comprometido y amable.<\/p>\n<p>\u00bfEst\u00e1s interesado? Nos alegramos de recibir tu CV y referencias (si las tienes), ya sea por correo electr\u00f3nico a: <strong><a href=\"mailto:jobs@gelato49.com\">work[at]gelato49[dot]com<\/a><\/strong> o a trav\u00e9s de nuestro formulario de contacto:<\/p>\n<\/div><div class=\"fusion-sep-clear\"><\/div><div class=\"fusion-separator fusion-full-width-sep\" style=\"margin-left: auto;margin-right: auto;margin-top:40px;width:100%;\"><\/div><div class=\"fusion-sep-clear\"><\/div><div class=\"fusion-text fusion-text-2\"><p style=\"text-align: center;\">\n<div class=\"wpcf7 no-js\" id=\"wpcf7-f1228-o1\" lang=\"es-ES\" dir=\"ltr\" data-wpcf7-id=\"1228\">\n<div class=\"screen-reader-response\"><p role=\"status\" aria-live=\"polite\" aria-atomic=\"true\"><\/p> <ul><\/ul><\/div>\n<form action=\"\/es\/wp-json\/wp\/v2\/pages\/1213#wpcf7-f1228-o1\" method=\"post\" class=\"wpcf7-form init\" aria-label=\"Formulario de contacto\" enctype=\"multipart\/form-data\" novalidate=\"novalidate\" data-status=\"init\">\n<fieldset class=\"hidden-fields-container\"><input type=\"hidden\" name=\"_wpcf7\" value=\"1228\" \/><input type=\"hidden\" name=\"_wpcf7_version\" value=\"6.1.5\" \/><input type=\"hidden\" name=\"_wpcf7_locale\" value=\"es_ES\" \/><input type=\"hidden\" name=\"_wpcf7_unit_tag\" value=\"wpcf7-f1228-o1\" \/><input type=\"hidden\" name=\"_wpcf7_container_post\" value=\"0\" \/><input type=\"hidden\" name=\"_wpcf7_posted_data_hash\" value=\"\" \/>\n<\/fieldset>\n<p>Mi solicitud de trabajo es para la siguiente ubicaci\u00f3n <strong>de Gelato49<\/strong>:*.<br \/>\n<span class=\"wpcf7-form-control-wrap\" data-name=\"menu-263\"><select class=\"wpcf7-form-control wpcf7-select wpcf7-validates-as-required\" aria-required=\"true\" aria-invalid=\"false\" name=\"menu-263\"><option value=\"\">&#8212;Por favor, elige una opci\u00f3n&#8212;<\/option><option value=\"cualquiera\">cualquiera<\/option><option value=\"Bielefeld, Rathausstra\u00dfe\">Bielefeld, Rathausstra\u00dfe<\/option><option value=\"Bielefeld, Arndtstra\u00dfe\">Bielefeld, Arndtstra\u00dfe<\/option><option value=\"Bielefeld, Bahnhofstra\u00dfe\">Bielefeld, Bahnhofstra\u00dfe<\/option><option value=\"Dortmund, Thier-Galerie, planta baja\">Dortmund, Thier-Galerie, planta baja<\/option><option value=\"Dortmund, Thier-Galerie, 1\u00aa planta\">Dortmund, Thier-Galerie, 1\u00aa planta<\/option><option value=\"D\u00fcsseldorf, Berger Stra\u00dfe\">D\u00fcsseldorf, Berger Stra\u00dfe<\/option><option value=\"Oberhausen, Westfield Centro\">Oberhausen, Westfield Centro<\/option><\/select><\/span>\n<\/p>\n<p><label> Apellido, Nombre*<br \/>\n<span class=\"wpcf7-form-control-wrap\" data-name=\"your-name\"><input size=\"40\" maxlength=\"400\" class=\"wpcf7-form-control wpcf7-text wpcf7-validates-as-required\" aria-required=\"true\" aria-invalid=\"false\" value=\"\" type=\"text\" name=\"your-name\" \/><\/span> <\/label>\n<\/p>\n<p><label> Direcci\u00f3n de email*<br \/>\n<span class=\"wpcf7-form-control-wrap\" data-name=\"your-email\"><input size=\"40\" maxlength=\"400\" class=\"wpcf7-form-control wpcf7-email wpcf7-validates-as-required wpcf7-text wpcf7-validates-as-email\" aria-required=\"true\" aria-invalid=\"false\" value=\"\" type=\"email\" name=\"your-email\" \/><\/span> <\/label>\n<\/p>\n<p><label> Mensaje<br \/>\n<span class=\"wpcf7-form-control-wrap\" data-name=\"your-message\"><textarea cols=\"40\" rows=\"10\" maxlength=\"2000\" class=\"wpcf7-form-control wpcf7-textarea\" aria-invalid=\"false\" name=\"your-message\"><\/textarea><\/span> <\/label>\n<\/p>\n<p>Adjunto mi curr\u00edculum v\u00edtae y otros documentos (por ejemplo, referencias) como <i>archivo<\/i> PDF (m\u00e1x. 4 MB).*<br \/>\n<span class=\"wpcf7-form-control-wrap\" data-name=\"file-878\"><input size=\"40\" class=\"wpcf7-form-control wpcf7-file wpcf7-validates-as-required\" accept=\".pdf\" aria-required=\"true\" aria-invalid=\"false\" type=\"file\" name=\"file-878\" \/><\/span>\n<\/p>\n<p><span class=\"wpcf7-form-control-wrap\" data-name=\"checkbox-728\"><span class=\"wpcf7-form-control wpcf7-checkbox wpcf7-validates-as-required\"><span class=\"wpcf7-list-item first last\"><input type=\"checkbox\" name=\"checkbox-728[]\" value=\"Acepto expresamente el almacenamiento y tratamiento de mis datos a efectos de solicitud o empleo.*\" \/><span class=\"wpcf7-list-item-label\">Acepto expresamente el almacenamiento y tratamiento de mis datos a efectos de solicitud o empleo.*<\/span><\/span><\/span><\/span>\n<\/p>\n<p><span id=\"wpcf7-69ea2e464f0ed-wrapper\" class=\"wpcf7-form-control-wrap email-167-wrap\" style=\"display:none !important; visibility:hidden !important;\"><input type=\"hidden\" name=\"email-167-time-start\" value=\"1776954950\"><input type=\"hidden\" name=\"email-167-time-check\" value=\"4\"><label for=\"wpcf7-69ea2e464f0ed-field\" class=\"hp-message\">Por favor, deja este campo vac\u00edo.<\/label><input id=\"wpcf7-69ea2e464f0ed-field\"  class=\"wpcf7-form-control wpcf7-text\" type=\"text\" name=\"email-167\" value=\"\" size=\"40\" tabindex=\"-1\" autocomplete=\"new-password\" \/><\/span>\n<\/p>\n<p><i>* = campos obligatorios<\/i>\n<\/p>\n<p><input class=\"wpcf7-form-control wpcf7-submit has-spinner\" type=\"submit\" value=\"Env\u00ede\" \/>\n<\/p><div class=\"fusion-alert alert custom alert-custom fusion-alert-center wpcf7-response-output fusion-alert-capitalize awb-alert-native-link-color alert-dismissable awb-alert-close-boxed\" style=\"--awb-border-size:1px;--awb-border-top-left-radius:0px;--awb-border-top-right-radius:0px;--awb-border-bottom-left-radius:0px;--awb-border-bottom-right-radius:0px;\" role=\"alert\"><div class=\"fusion-alert-content-wrapper\"><span class=\"fusion-alert-content\"><\/span><\/div><button type=\"button\" class=\"close toggle-alert\" data-dismiss=\"alert\" aria-label=\"Close\">&times;<\/button><\/div>\n<\/form>\n<\/div>\n<\/p>\n<\/div><div class=\"fusion-clearfix\"><\/div><\/div><\/div><div class=\"fusion-layout-column fusion_builder_column fusion-builder-column-1 fusion_builder_column_1_1 1_1 fusion-one-full fusion-column-first fusion-column-last\" style=\"--awb-bg-size:cover;\"><div class=\"fusion-column-wrapper fusion-column-has-shadow fusion-flex-column-wrapper-legacy\"><div class=\"fusion-clearfix\"><\/div><\/div><\/div><\/div><\/div><\/div>\n","protected":false},"excerpt":{"rendered":"","protected":false},"author":1,"featured_media":0,"parent":0,"menu_order":0,"comment_status":"closed","ping_status":"closed","template":"","meta":{"footnotes":""},"class_list":["post-1213","page","type-page","status-publish","hentry"],"yoast_head":"<!-- This site is optimized with the Yoast SEO plugin v27.4 - https:\/\/yoast.com\/product\/yoast-seo-wordpress\/ -->\n<title>Gelato49 - Artigiani di Bologna | Empleo<\/title>\n<meta name=\"description\" content=\"Gelato49 \u2013 helados artesanos italianos y productos de confiter\u00eda. Helader\u00edas y cafeter\u00edas heladas en Bielefeld, Dortmund y D\u00fcsseldorf.\" \/>\n<meta name=\"robots\" content=\"index, follow, max-snippet:-1, max-image-preview:large, max-video-preview:-1\" \/>\n<link rel=\"canonical\" href=\"https:\/\/gelato49.com\/es\/empleo\/\" \/>\n<meta property=\"og:locale\" content=\"es_ES\" \/>\n<meta property=\"og:type\" content=\"article\" \/>\n<meta property=\"og:title\" content=\"Gelato49 - Artigiani di Bologna | Empleo\" \/>\n<meta property=\"og:description\" content=\"Gelato49 \u2013 helados artesanos italianos y productos de confiter\u00eda. Helader\u00edas y cafeter\u00edas heladas en Bielefeld, Dortmund y D\u00fcsseldorf.\" \/>\n<meta property=\"og:url\" content=\"https:\/\/gelato49.com\/es\/empleo\/\" \/>\n<meta property=\"og:site_name\" content=\"Gelato49 - Artigiani di Bologna\" \/>\n<meta property=\"article:publisher\" content=\"https:\/\/www.facebook.com\/Gelato49\" \/>\n<meta property=\"article:modified_time\" content=\"2023-04-04T15:31:40+00:00\" \/>\n<meta name=\"twitter:card\" content=\"summary_large_image\" \/>\n<meta name=\"twitter:label1\" content=\"Tiempo de lectura\" \/>\n\t<meta name=\"twitter:data1\" content=\"4 minutos\" \/>\n<script type=\"application\/ld+json\" class=\"yoast-schema-graph\">{\"@context\":\"https:\\\/\\\/schema.org\",\"@graph\":[{\"@type\":\"WebPage\",\"@id\":\"https:\\\/\\\/gelato49.com\\\/es\\\/empleo\\\/\",\"url\":\"https:\\\/\\\/gelato49.com\\\/es\\\/empleo\\\/\",\"name\":\"Gelato49 - Artigiani di Bologna | Empleo\",\"isPartOf\":{\"@id\":\"https:\\\/\\\/gelato49.com\\\/es\\\/#website\"},\"datePublished\":\"2020-02-26T14:35:55+00:00\",\"dateModified\":\"2023-04-04T15:31:40+00:00\",\"description\":\"Gelato49 \u2013 helados artesanos italianos y productos de confiter\u00eda. Helader\u00edas y cafeter\u00edas heladas en Bielefeld, Dortmund y D\u00fcsseldorf.\",\"breadcrumb\":{\"@id\":\"https:\\\/\\\/gelato49.com\\\/es\\\/empleo\\\/#breadcrumb\"},\"inLanguage\":\"es\",\"potentialAction\":[{\"@type\":\"ReadAction\",\"target\":[\"https:\\\/\\\/gelato49.com\\\/es\\\/empleo\\\/\"]}]},{\"@type\":\"BreadcrumbList\",\"@id\":\"https:\\\/\\\/gelato49.com\\\/es\\\/empleo\\\/#breadcrumb\",\"itemListElement\":[{\"@type\":\"ListItem\",\"position\":1,\"name\":\"Startseite\",\"item\":\"https:\\\/\\\/gelato49.com\\\/es\\\/\"},{\"@type\":\"ListItem\",\"position\":2,\"name\":\"Empleo\"}]},{\"@type\":\"WebSite\",\"@id\":\"https:\\\/\\\/gelato49.com\\\/es\\\/#website\",\"url\":\"https:\\\/\\\/gelato49.com\\\/es\\\/\",\"name\":\"Gelato49\",\"description\":\"Handwerklich hergestelltes italienisches Speiseeis - Eisdielen und Eiscaf\u00e9s in Bielefeld, Dortmund und D\u00fcsseldorf\",\"publisher\":{\"@id\":\"https:\\\/\\\/gelato49.com\\\/es\\\/#organization\"},\"potentialAction\":[{\"@type\":\"SearchAction\",\"target\":{\"@type\":\"EntryPoint\",\"urlTemplate\":\"https:\\\/\\\/gelato49.com\\\/es\\\/?s={search_term_string}\"},\"query-input\":{\"@type\":\"PropertyValueSpecification\",\"valueRequired\":true,\"valueName\":\"search_term_string\"}}],\"inLanguage\":\"es\"},{\"@type\":\"Organization\",\"@id\":\"https:\\\/\\\/gelato49.com\\\/es\\\/#organization\",\"name\":\"Gelato 49 \u2013 Artigiani di Bologna\",\"url\":\"https:\\\/\\\/gelato49.com\\\/es\\\/\",\"logo\":{\"@type\":\"ImageObject\",\"inLanguage\":\"es\",\"@id\":\"https:\\\/\\\/gelato49.com\\\/es\\\/#\\\/schema\\\/logo\\\/image\\\/\",\"url\":\"https:\\\/\\\/gelato49.com\\\/wp-content\\\/uploads\\\/2020\\\/02\\\/G49.png\",\"contentUrl\":\"https:\\\/\\\/gelato49.com\\\/wp-content\\\/uploads\\\/2020\\\/02\\\/G49.png\",\"width\":680,\"height\":560,\"caption\":\"Gelato 49 \u2013 Artigiani di Bologna\"},\"image\":{\"@id\":\"https:\\\/\\\/gelato49.com\\\/es\\\/#\\\/schema\\\/logo\\\/image\\\/\"},\"sameAs\":[\"https:\\\/\\\/www.facebook.com\\\/Gelato49\",\"https:\\\/\\\/www.instagram.com\\\/gelato49_com\\\/\",\"https:\\\/\\\/www.youtube.com\\\/channel\\\/UCfM4I_VBaYx-O529WfWBoNQ\"]}]}<\/script>\n<!-- \/ Yoast SEO plugin. -->","yoast_head_json":{"title":"Gelato49 - Artigiani di Bologna | Empleo","description":"Gelato49 \u2013 helados artesanos italianos y productos de confiter\u00eda. Helader\u00edas y cafeter\u00edas heladas en Bielefeld, Dortmund y D\u00fcsseldorf.","robots":{"index":"index","follow":"follow","max-snippet":"max-snippet:-1","max-image-preview":"max-image-preview:large","max-video-preview":"max-video-preview:-1"},"canonical":"https:\/\/gelato49.com\/es\/empleo\/","og_locale":"es_ES","og_type":"article","og_title":"Gelato49 - Artigiani di Bologna | Empleo","og_description":"Gelato49 \u2013 helados artesanos italianos y productos de confiter\u00eda. Helader\u00edas y cafeter\u00edas heladas en Bielefeld, Dortmund y D\u00fcsseldorf.","og_url":"https:\/\/gelato49.com\/es\/empleo\/","og_site_name":"Gelato49 - Artigiani di Bologna","article_publisher":"https:\/\/www.facebook.com\/Gelato49","article_modified_time":"2023-04-04T15:31:40+00:00","twitter_card":"summary_large_image","twitter_misc":{"Tiempo de lectura":"4 minutos"},"schema":{"@context":"https:\/\/schema.org","@graph":[{"@type":"WebPage","@id":"https:\/\/gelato49.com\/es\/empleo\/","url":"https:\/\/gelato49.com\/es\/empleo\/","name":"Gelato49 - Artigiani di Bologna | Empleo","isPartOf":{"@id":"https:\/\/gelato49.com\/es\/#website"},"datePublished":"2020-02-26T14:35:55+00:00","dateModified":"2023-04-04T15:31:40+00:00","description":"Gelato49 \u2013 helados artesanos italianos y productos de confiter\u00eda. Helader\u00edas y cafeter\u00edas heladas en Bielefeld, Dortmund y D\u00fcsseldorf.","breadcrumb":{"@id":"https:\/\/gelato49.com\/es\/empleo\/#breadcrumb"},"inLanguage":"es","potentialAction":[{"@type":"ReadAction","target":["https:\/\/gelato49.com\/es\/empleo\/"]}]},{"@type":"BreadcrumbList","@id":"https:\/\/gelato49.com\/es\/empleo\/#breadcrumb","itemListElement":[{"@type":"ListItem","position":1,"name":"Startseite","item":"https:\/\/gelato49.com\/es\/"},{"@type":"ListItem","position":2,"name":"Empleo"}]},{"@type":"WebSite","@id":"https:\/\/gelato49.com\/es\/#website","url":"https:\/\/gelato49.com\/es\/","name":"Gelato49","description":"Handwerklich hergestelltes italienisches Speiseeis - Eisdielen und Eiscaf\u00e9s in Bielefeld, Dortmund und D\u00fcsseldorf","publisher":{"@id":"https:\/\/gelato49.com\/es\/#organization"},"potentialAction":[{"@type":"SearchAction","target":{"@type":"EntryPoint","urlTemplate":"https:\/\/gelato49.com\/es\/?s={search_term_string}"},"query-input":{"@type":"PropertyValueSpecification","valueRequired":true,"valueName":"search_term_string"}}],"inLanguage":"es"},{"@type":"Organization","@id":"https:\/\/gelato49.com\/es\/#organization","name":"Gelato 49 \u2013 Artigiani di Bologna","url":"https:\/\/gelato49.com\/es\/","logo":{"@type":"ImageObject","inLanguage":"es","@id":"https:\/\/gelato49.com\/es\/#\/schema\/logo\/image\/","url":"https:\/\/gelato49.com\/wp-content\/uploads\/2020\/02\/G49.png","contentUrl":"https:\/\/gelato49.com\/wp-content\/uploads\/2020\/02\/G49.png","width":680,"height":560,"caption":"Gelato 49 \u2013 Artigiani di Bologna"},"image":{"@id":"https:\/\/gelato49.com\/es\/#\/schema\/logo\/image\/"},"sameAs":["https:\/\/www.facebook.com\/Gelato49","https:\/\/www.instagram.com\/gelato49_com\/","https:\/\/www.youtube.com\/channel\/UCfM4I_VBaYx-O529WfWBoNQ"]}]}},"_links":{"self":[{"href":"https:\/\/gelato49.com\/es\/wp-json\/wp\/v2\/pages\/1213","targetHints":{"allow":["GET"]}}],"collection":[{"href":"https:\/\/gelato49.com\/es\/wp-json\/wp\/v2\/pages"}],"about":[{"href":"https:\/\/gelato49.com\/es\/wp-json\/wp\/v2\/types\/page"}],"author":[{"embeddable":true,"href":"https:\/\/gelato49.com\/es\/wp-json\/wp\/v2\/users\/1"}],"replies":[{"embeddable":true,"href":"https:\/\/gelato49.com\/es\/wp-json\/wp\/v2\/comments?post=1213"}],"version-history":[{"count":3,"href":"https:\/\/gelato49.com\/es\/wp-json\/wp\/v2\/pages\/1213\/revisions"}],"predecessor-version":[{"id":1229,"href":"https:\/\/gelato49.com\/es\/wp-json\/wp\/v2\/pages\/1213\/revisions\/1229"}],"wp:attachment":[{"href":"https:\/\/gelato49.com\/es\/wp-json\/wp\/v2\/media?parent=1213"}],"curies":[{"name":"wp","href":"https:\/\/api.w.org\/{rel}","templated":true}]}}