{"id":1210,"date":"2020-02-13T13:19:35","date_gmt":"2020-02-13T12:19:35","guid":{"rendered":"https:\/\/gelato49.com\/proteccion-de-datos\/"},"modified":"2023-04-06T14:08:22","modified_gmt":"2023-04-06T12:08:22","slug":"proteccion-de-datos","status":"publish","type":"page","link":"https:\/\/gelato49.com\/es\/proteccion-de-datos\/","title":{"rendered":"Protecci\u00f3n de datos"},"content":{"rendered":"<div class=\"fusion-fullwidth fullwidth-box fusion-builder-row-1 nonhundred-percent-fullwidth non-hundred-percent-height-scrolling\" style=\"--awb-border-radius-top-left:0px;--awb-border-radius-top-right:0px;--awb-border-radius-bottom-right:0px;--awb-border-radius-bottom-left:0px;--awb-padding-right:15%;--awb-padding-left:15%;--awb-flex-wrap:wrap;\" ><div class=\"fusion-builder-row fusion-row\"><div class=\"fusion-layout-column fusion_builder_column fusion-builder-column-0 fusion_builder_column_1_1 1_1 fusion-one-full fusion-column-first fusion-column-last\" style=\"--awb-padding-right:15%;--awb-padding-left:15%;--awb-bg-size:cover;\"><div class=\"fusion-column-wrapper fusion-column-has-shadow fusion-flex-column-wrapper-legacy\"><div class=\"fusion-title title fusion-title-1 fusion-title-center fusion-title-text fusion-title-size-one\" style=\"--awb-margin-top:75px;--awb-margin-bottom:50px;--awb-margin-top-small:50px;--awb-margin-right-small:0px;--awb-margin-bottom-small:25px;--awb-margin-left-small:0px;\"><div class=\"title-sep-container title-sep-container-left\"><div class=\"title-sep sep-single sep-solid\" style=\"border-color:#b09c7d;\"><\/div><\/div><span class=\"awb-title-spacer\"><\/span><h1 class=\"fusion-title-heading title-heading-center fusion-responsive-typography-calculated\" style=\"margin:0;--fontSize:72;line-height:0.9;\">Pol\u00edtica de privacidad<\/h1><span class=\"awb-title-spacer\"><\/span><div class=\"title-sep-container title-sep-container-right\"><div class=\"title-sep sep-single sep-solid\" style=\"border-color:#b09c7d;\"><\/div><\/div><\/div><div class=\"fusion-text fusion-text-1\"><div class=\"fusion-text\">\n<h2>1. Nombre y datos de contacto<\/h2>\n<p>La direcci\u00f3n de nuestro sitio web es <a href=\"https:\/\/www.gelato49.com\"><strong>https:\/\/www.gelato49.com<\/strong><\/a><br \/>\nPersona responsable: <strong>Gelato49 GmbH, Neuss<\/strong>,<br \/>\nrepresentada por el Director General: Erg\u00fcn Katak, Heerdterbuschstr. 10, 40460 Neuss,<br \/>\nE-mail: <a href=\"mailto:info@gelato49.com\"><strong>info[at]gelato49[dot]com<\/strong><\/a>, tel\u00e9fono: +49-2131-2032636<\/p>\n<h2>2. Recogida y almacenamiento de datos personales<br \/>\ny la naturaleza y finalidad de su uso<\/h2>\n<h3>Al visitar el sitio web<\/h3>\n<p>Cuando visite nuestro sitio web <a href=\"https:\/\/www.gelato49.com\"><strong>www.gelato49.com<\/strong><\/a> el navegador utilizado en su dispositivo final env\u00eda autom\u00e1ticamente informaci\u00f3n al servidor de nuestro sitio web. Esta informaci\u00f3n se almacena temporalmente en el denominado archivo de registro. La siguiente informaci\u00f3n se recopila sin su intervenci\u00f3n y se almacena hasta su eliminaci\u00f3n autom\u00e1tica:<\/p>\n<ul>\n<li>Direcci\u00f3n IP del ordenador solicitante<\/li>\n<li>Fecha y hora de acceso<\/li>\n<li>Nombre y URL del archivo recuperado<\/li>\n<li>Sitio web desde el que se accede (URL de referencia)<\/li>\n<li>El navegador utilizado y, si procede, el sistema operativo de su ordenador, as\u00ed como el nombre de su proveedor de acceso.<\/li>\n<\/ul>\n<p>Los datos anteriores ser\u00e1n tratados por nosotros para los siguientes fines:<\/p>\n<ul>\n<li>Garantizar una conexi\u00f3n fluida del sitio web<\/li>\n<li>Garantizar un uso c\u00f3modo de nuestro sitio web<\/li>\n<li>Evaluaci\u00f3n de la seguridad y estabilidad del sistema, y<\/li>\n<li>para otros fines administrativos.<\/li>\n<\/ul>\n<p>La base jur\u00eddica para el tratamiento de datos es el Art. 6 para. 1 S. 1 lit. f GDPR. Nuestro inter\u00e9s leg\u00edtimo se deriva de los fines de recogida de datos enumerados anteriormente. En ning\u00fan caso utilizamos los datos recogidos para sacar conclusiones sobre su persona.<br \/>\nAdem\u00e1s, utilizamos cookies cuando visita nuestro sitio web. Encontrar\u00e1 informaci\u00f3n m\u00e1s detallada al respecto en nuestras <strong>directrices sobre cookies<\/strong> y en el punto . 4 y 5 de la presente pol\u00edtica de privacidad.<\/p>\n<h3>Al utilizar nuestro formulario de contacto<\/h3>\n<p>Para preguntas de cualquier tipo, le ofrecemos la posibilidad de ponerse en contacto con nosotros a trav\u00e9s de un <strong>formulario<\/strong> disponible en el sitio web. Es necesario facilitar una direcci\u00f3n de correo electr\u00f3nico v\u00e1lida para que sepamos de qui\u00e9n procede la solicitud y podamos responder a ella. Puede facilitarse m\u00e1s informaci\u00f3n voluntariamente.<br \/>\nEl tratamiento de datos con el fin de ponerse en contacto con nosotros se lleva a cabo de conformidad con el art. 6 p\u00e1rr. 1 S. 1 lit. a GDPR sobre la base de su consentimiento voluntario.<br \/>\nLos datos personales recogidos por nosotros para el uso del formulario de contacto se eliminar\u00e1n autom\u00e1ticamente tras la finalizaci\u00f3n de su solicitud.<\/p>\n<h2>3. Divulgaci\u00f3n de datos<\/h2>\n<p>Sus datos personales no se transferir\u00e1n a terceros para fines distintos de los enumerados a continuaci\u00f3n.<br \/>\nS\u00f3lo compartiremos su informaci\u00f3n personal con terceros si:<\/p>\n<ul>\n<li>Usted nos ha facilitado sus datos personales de conformidad con el Art. 6 P\u00e1rr. 1 S. 1 lit. a GDPR han dado su consentimiento expreso para ello<\/li>\n<li>la divulgaci\u00f3n con arreglo al art. 6 p\u00e1rr. 1 S. 1 lit. f GDPR es necesario para la afirmaci\u00f3n, el ejercicio o la defensa de reclamaciones legales y no hay raz\u00f3n para suponer que tiene un inter\u00e9s leg\u00edtimo superior en que no se revelen sus datos.<\/li>\n<li>en caso de que la divulgaci\u00f3n sea necesaria de conformidad con el Art. 6 para. 1 S. 1 lit. c GDPR existe una obligaci\u00f3n legal<\/li>\n<li>seg\u00fan lo permitido por la ley y de conformidad con el Art. 6 P\u00e1rr. 1 S. 1 lit. b GDPR es necesario para el tratamiento de las relaciones contractuales con usted.<\/li>\n<\/ul>\n<h2>4. Cookies<\/h2>\n<p>Nuestro sitio web utiliza cookies. Puede encontrar una descripci\u00f3n detallada de las cookies utilizadas y la posibilidad de oponerse a su uso en nuestra <a href=\"https:\/\/gelato49.com\/cookie-richtlinie-eu\/\"><strong>Pol\u00edtica de cookies<\/strong><\/a>.<\/p>\n<h2>5. Integraci\u00f3n de servicios y contenidos de terceros<\/h2>\n<p>Dentro de nuestra oferta en l\u00ednea, utilizamos ofertas de contenidos o servicios de terceros proveedores sobre la base de nuestros intereses leg\u00edtimos (es decir, el inter\u00e9s en el an\u00e1lisis, la optimizaci\u00f3n y el funcionamiento econ\u00f3mico de nuestra oferta en l\u00ednea en el sentido del art. 6, apdo. 1 lit. f. GDPR) ofertas de contenidos o servicios de terceros proveedores con el fin de integrar sus contenidos y servicios, como v\u00eddeos o callejeros (en lo sucesivo denominados uniformemente \u00abcontenidos\u00bb). Esto supone siempre que los terceros proveedores de estos contenidos conocen la direcci\u00f3n IP de los usuarios, ya que sin ella no podr\u00edan enviar los contenidos a su navegador. La direcci\u00f3n IP es, por tanto, necesaria para la visualizaci\u00f3n de este contenido. Nos esforzamos por utilizar \u00fanicamente contenidos cuyos respectivos proveedores s\u00f3lo utilizan la direcci\u00f3n IP para entregar el contenido. Los proveedores externos tambi\u00e9n pueden utilizar las denominadas etiquetas de p\u00edxel (gr\u00e1ficos invisibles, tambi\u00e9n conocidos como \u00abbalizas web\u00bb) con fines estad\u00edsticos o de marketing. Las \u00abetiquetas de p\u00edxel\u00bb pueden utilizarse para evaluar informaci\u00f3n como el tr\u00e1fico de visitantes en las p\u00e1ginas de este sitio web. La informaci\u00f3n seud\u00f3nima tambi\u00e9n puede almacenarse en cookies en el dispositivo del usuario y puede contener, entre otras cosas, informaci\u00f3n t\u00e9cnica sobre el navegador y el sistema operativo, sitios web de referencia, hora de la visita y otra informaci\u00f3n sobre el uso de nuestra oferta en l\u00ednea, as\u00ed como estar vinculada a dicha informaci\u00f3n procedente de otras fuentes.<\/p>\n<h2>6. Derechos del interesado<\/h2>\n<p>Tiene derecho a<\/p>\n<ul>\n<li>solicitar informaci\u00f3n sobre sus datos personales tratados por nosotros de conformidad con el art\u00edculo 15 de la GDPR. En particular, puede solicitar informaci\u00f3n sobre los fines del tratamiento, la categor\u00eda de los datos personales, las categor\u00edas de destinatarios a los que se han comunicado o se comunicar\u00e1n sus datos, el per\u00edodo de conservaci\u00f3n previsto, la existencia de un derecho de rectificaci\u00f3n, supresi\u00f3n, limitaci\u00f3n del tratamiento u oposici\u00f3n, la existencia de un derecho de reclamaci\u00f3n, el origen de sus datos si no han sido recogidos por nosotros, as\u00ed como la existencia de una toma de decisiones automatizada, incluida la elaboraci\u00f3n de perfiles y, si procede, informaci\u00f3n significativa sobre sus detalles;<\/li>\n<li>exigir la correcci\u00f3n de datos personales incorrectos o incompletos almacenados por nosotros sin demora, de conformidad con el art. 16 GDPR;<\/li>\n<li>de conformidad con el art\u00edculo 17 de la GDPR, a solicitar la supresi\u00f3n de sus datos personales almacenados por nosotros, a menos que el tratamiento sea necesario para el ejercicio del derecho a la libertad de expresi\u00f3n e informaci\u00f3n, para el cumplimiento de una obligaci\u00f3n legal, por razones de inter\u00e9s p\u00fablico o para la formulaci\u00f3n, el ejercicio o la defensa de reclamaciones legales;<\/li>\n<li>solicitar la limitaci\u00f3n del tratamiento de sus datos personales de conformidad con el art\u00edculo 18 del GDPR, en la medida en que usted impugne la exactitud de los datos, el tratamiento sea il\u00edcito, pero usted se oponga a su supresi\u00f3n y ya no necesitemos los datos, pero usted los necesite para la formulaci\u00f3n, el ejercicio o la defensa de reclamaciones legales o se haya opuesto al tratamiento de conformidad con el art\u00edculo 21 del GDPR;<\/li>\n<li>de conformidad con el art\u00edculo 20 de la GDPR, para recibir los datos personales que nos haya facilitado en un formato estructurado, com\u00fan y legible por m\u00e1quina o para solicitar la transferencia a otro responsable del tratamiento;<\/li>\n<li>de conformidad con el art. 7 p\u00e1rr. 3 GDPR a revocar su consentimiento en cualquier momento. Esto tiene como consecuencia que ya no podremos continuar en el futuro con el tratamiento de datos basado en este consentimiento;<\/li>\n<li>presentar una reclamaci\u00f3n ante una autoridad de control de conformidad con el art\u00edculo 77 de la GDPR. Por regla general, puede dirigirse a la autoridad de control de su lugar de residencia o de trabajo habitual o a la sede de nuestra asociaci\u00f3n.<\/li>\n<\/ul>\n<h2>7. Derecho de oposici\u00f3n<\/h2>\n<p>Si sus datos personales se recogen sobre la base de intereses leg\u00edtimos de conformidad con el Art. 6 para. 1 S. 1 lit. f GDPR, tiene derecho a oponerse al tratamiento de sus datos personales de conformidad con el art\u00edculo 21 GDPR, siempre que existan motivos para ello derivados de su situaci\u00f3n particular o la oposici\u00f3n se dirija contra la mercadotecnia directa. En este \u00faltimo caso, usted dispone de un derecho general de oposici\u00f3n, que nosotros aplicamos sin especificar una situaci\u00f3n concreta.<br \/>\nSi desea ejercer su derecho de revocaci\u00f3n u oposici\u00f3n, s\u00f3lo tiene que enviarnos un correo electr\u00f3nico a trav\u00e9s de nuestro <a href=\"https:\/\/gelato49.com\/es\/#contacto_es\"><strong>formulario de contacto<\/strong><\/a>.<\/p>\n<h2>8. Seguridad de los datos<\/h2>\n<p>Durante la visita al sitio web, utilizamos el procedimiento SSL (Secure Socket Layer) m\u00e1s extendido, junto con el nivel de cifrado m\u00e1s alto soportado por su navegador. Por regla general, se trata de un cifrado de 256 bits. Si su navegador no admite el cifrado de 256 bits, utilizamos en su lugar la tecnolog\u00eda de 128 bits v3. Puede ver si una p\u00e1gina concreta de nuestro sitio web se transmite de forma cifrada mediante la visualizaci\u00f3n cerrada del s\u00edmbolo de llave o candado en la barra de estado de su navegador.<br \/>\nTambi\u00e9n utilizamos medidas de seguridad t\u00e9cnicas y organizativas adecuadas para proteger sus datos contra la manipulaci\u00f3n accidental o intencionada, la p\u00e9rdida parcial o total, la destrucci\u00f3n o el acceso no autorizado por parte de terceros. Nuestras medidas de seguridad se mejoran continuamente en funci\u00f3n de los avances tecnol\u00f3gicos.<\/p>\n<h2>9. Actualizaci\u00f3n y modificaci\u00f3n de la presente pol\u00edtica de privacidad<\/h2>\n<p>Esta pol\u00edtica de privacidad es v\u00e1lida a partir de febrero de 2020.<br \/>\nDebido al desarrollo de nuestro sitio web y de las ofertas que en \u00e9l se ofrecen o debido a cambios en los requisitos legales u oficiales, puede ser necesario modificar esta declaraci\u00f3n de protecci\u00f3n de datos. La declaraci\u00f3n de protecci\u00f3n de datos actual puede consultarse en cualquier momento en el sitio web <a href=\"https:\/\/ www.gelato49.com\/es\/proteccion-de-datos\"><strong>https:\/\/<\/strong> <strong>www.gelato49.com\/es\/proteccion-de-datos<\/strong><\/a> y puede imprimirse.<\/p>\n<\/div>\n<\/div><div class=\"fusion-clearfix\"><\/div><\/div><\/div><\/div><\/div>\n","protected":false},"excerpt":{"rendered":"","protected":false},"author":1,"featured_media":0,"parent":0,"menu_order":0,"comment_status":"closed","ping_status":"closed","template":"","meta":{"footnotes":""},"class_list":["post-1210","page","type-page","status-publish","hentry"],"yoast_head":"<!-- This site is optimized with the Yoast SEO plugin v27.4 - https:\/\/yoast.com\/product\/yoast-seo-wordpress\/ -->\n<title>Gelato49 - Artigiani di Bologna | Protecci\u00f3n de datos<\/title>\n<meta name=\"description\" content=\"Gelato49 \u2013 Artigiani di Bologna. Handwerklich gefertigte italienische Speiseeis- und Konditoreiprodukte. Eisdielen und Eiscaf\u00e9s in Bielefeld, Dortmund und D\u00fcsseldorf.\" \/>\n<meta name=\"robots\" content=\"index, follow, max-snippet:-1, max-image-preview:large, max-video-preview:-1\" \/>\n<link rel=\"canonical\" href=\"https:\/\/gelato49.com\/es\/proteccion-de-datos\/\" \/>\n<meta property=\"og:locale\" content=\"es_ES\" \/>\n<meta property=\"og:type\" content=\"article\" \/>\n<meta property=\"og:title\" content=\"Gelato49 - Artigiani di Bologna | Protecci\u00f3n de datos\" \/>\n<meta property=\"og:description\" content=\"Gelato49 \u2013 Artigiani di Bologna. Handwerklich gefertigte italienische Speiseeis- und Konditoreiprodukte. Eisdielen und Eiscaf\u00e9s in Bielefeld, Dortmund und D\u00fcsseldorf.\" \/>\n<meta property=\"og:url\" content=\"https:\/\/gelato49.com\/es\/proteccion-de-datos\/\" \/>\n<meta property=\"og:site_name\" content=\"Gelato49 - Artigiani di Bologna\" \/>\n<meta property=\"article:publisher\" content=\"https:\/\/www.facebook.com\/Gelato49\" \/>\n<meta property=\"article:modified_time\" content=\"2023-04-06T12:08:22+00:00\" \/>\n<meta name=\"twitter:card\" content=\"summary_large_image\" \/>\n<meta name=\"twitter:label1\" content=\"Tiempo de lectura\" \/>\n\t<meta name=\"twitter:data1\" content=\"11 minutos\" \/>\n<script type=\"application\/ld+json\" class=\"yoast-schema-graph\">{\"@context\":\"https:\\\/\\\/schema.org\",\"@graph\":[{\"@type\":\"WebPage\",\"@id\":\"https:\\\/\\\/gelato49.com\\\/es\\\/proteccion-de-datos\\\/\",\"url\":\"https:\\\/\\\/gelato49.com\\\/es\\\/proteccion-de-datos\\\/\",\"name\":\"Gelato49 - Artigiani di Bologna | Protecci\u00f3n de datos\",\"isPartOf\":{\"@id\":\"https:\\\/\\\/gelato49.com\\\/es\\\/#website\"},\"datePublished\":\"2020-02-13T12:19:35+00:00\",\"dateModified\":\"2023-04-06T12:08:22+00:00\",\"description\":\"Gelato49 \u2013 Artigiani di Bologna. Handwerklich gefertigte italienische Speiseeis- und Konditoreiprodukte. Eisdielen und Eiscaf\u00e9s in Bielefeld, Dortmund und D\u00fcsseldorf.\",\"breadcrumb\":{\"@id\":\"https:\\\/\\\/gelato49.com\\\/es\\\/proteccion-de-datos\\\/#breadcrumb\"},\"inLanguage\":\"es\",\"potentialAction\":[{\"@type\":\"ReadAction\",\"target\":[\"https:\\\/\\\/gelato49.com\\\/es\\\/proteccion-de-datos\\\/\"]}]},{\"@type\":\"BreadcrumbList\",\"@id\":\"https:\\\/\\\/gelato49.com\\\/es\\\/proteccion-de-datos\\\/#breadcrumb\",\"itemListElement\":[{\"@type\":\"ListItem\",\"position\":1,\"name\":\"Startseite\",\"item\":\"https:\\\/\\\/gelato49.com\\\/es\\\/\"},{\"@type\":\"ListItem\",\"position\":2,\"name\":\"Protecci\u00f3n de datos\"}]},{\"@type\":\"WebSite\",\"@id\":\"https:\\\/\\\/gelato49.com\\\/es\\\/#website\",\"url\":\"https:\\\/\\\/gelato49.com\\\/es\\\/\",\"name\":\"Gelato49\",\"description\":\"Handwerklich hergestelltes italienisches Speiseeis - Eisdielen und Eiscaf\u00e9s in Bielefeld, Dortmund und D\u00fcsseldorf\",\"publisher\":{\"@id\":\"https:\\\/\\\/gelato49.com\\\/es\\\/#organization\"},\"potentialAction\":[{\"@type\":\"SearchAction\",\"target\":{\"@type\":\"EntryPoint\",\"urlTemplate\":\"https:\\\/\\\/gelato49.com\\\/es\\\/?s={search_term_string}\"},\"query-input\":{\"@type\":\"PropertyValueSpecification\",\"valueRequired\":true,\"valueName\":\"search_term_string\"}}],\"inLanguage\":\"es\"},{\"@type\":\"Organization\",\"@id\":\"https:\\\/\\\/gelato49.com\\\/es\\\/#organization\",\"name\":\"Gelato 49 \u2013 Artigiani di Bologna\",\"url\":\"https:\\\/\\\/gelato49.com\\\/es\\\/\",\"logo\":{\"@type\":\"ImageObject\",\"inLanguage\":\"es\",\"@id\":\"https:\\\/\\\/gelato49.com\\\/es\\\/#\\\/schema\\\/logo\\\/image\\\/\",\"url\":\"https:\\\/\\\/gelato49.com\\\/wp-content\\\/uploads\\\/2020\\\/02\\\/G49.png\",\"contentUrl\":\"https:\\\/\\\/gelato49.com\\\/wp-content\\\/uploads\\\/2020\\\/02\\\/G49.png\",\"width\":680,\"height\":560,\"caption\":\"Gelato 49 \u2013 Artigiani di Bologna\"},\"image\":{\"@id\":\"https:\\\/\\\/gelato49.com\\\/es\\\/#\\\/schema\\\/logo\\\/image\\\/\"},\"sameAs\":[\"https:\\\/\\\/www.facebook.com\\\/Gelato49\",\"https:\\\/\\\/www.instagram.com\\\/gelato49_com\\\/\",\"https:\\\/\\\/www.youtube.com\\\/channel\\\/UCfM4I_VBaYx-O529WfWBoNQ\"]}]}<\/script>\n<!-- \/ Yoast SEO plugin. -->","yoast_head_json":{"title":"Gelato49 - Artigiani di Bologna | Protecci\u00f3n de datos","description":"Gelato49 \u2013 Artigiani di Bologna. Handwerklich gefertigte italienische Speiseeis- und Konditoreiprodukte. Eisdielen und Eiscaf\u00e9s in Bielefeld, Dortmund und D\u00fcsseldorf.","robots":{"index":"index","follow":"follow","max-snippet":"max-snippet:-1","max-image-preview":"max-image-preview:large","max-video-preview":"max-video-preview:-1"},"canonical":"https:\/\/gelato49.com\/es\/proteccion-de-datos\/","og_locale":"es_ES","og_type":"article","og_title":"Gelato49 - Artigiani di Bologna | Protecci\u00f3n de datos","og_description":"Gelato49 \u2013 Artigiani di Bologna. Handwerklich gefertigte italienische Speiseeis- und Konditoreiprodukte. Eisdielen und Eiscaf\u00e9s in Bielefeld, Dortmund und D\u00fcsseldorf.","og_url":"https:\/\/gelato49.com\/es\/proteccion-de-datos\/","og_site_name":"Gelato49 - Artigiani di Bologna","article_publisher":"https:\/\/www.facebook.com\/Gelato49","article_modified_time":"2023-04-06T12:08:22+00:00","twitter_card":"summary_large_image","twitter_misc":{"Tiempo de lectura":"11 minutos"},"schema":{"@context":"https:\/\/schema.org","@graph":[{"@type":"WebPage","@id":"https:\/\/gelato49.com\/es\/proteccion-de-datos\/","url":"https:\/\/gelato49.com\/es\/proteccion-de-datos\/","name":"Gelato49 - Artigiani di Bologna | Protecci\u00f3n de datos","isPartOf":{"@id":"https:\/\/gelato49.com\/es\/#website"},"datePublished":"2020-02-13T12:19:35+00:00","dateModified":"2023-04-06T12:08:22+00:00","description":"Gelato49 \u2013 Artigiani di Bologna. Handwerklich gefertigte italienische Speiseeis- und Konditoreiprodukte. Eisdielen und Eiscaf\u00e9s in Bielefeld, Dortmund und D\u00fcsseldorf.","breadcrumb":{"@id":"https:\/\/gelato49.com\/es\/proteccion-de-datos\/#breadcrumb"},"inLanguage":"es","potentialAction":[{"@type":"ReadAction","target":["https:\/\/gelato49.com\/es\/proteccion-de-datos\/"]}]},{"@type":"BreadcrumbList","@id":"https:\/\/gelato49.com\/es\/proteccion-de-datos\/#breadcrumb","itemListElement":[{"@type":"ListItem","position":1,"name":"Startseite","item":"https:\/\/gelato49.com\/es\/"},{"@type":"ListItem","position":2,"name":"Protecci\u00f3n de datos"}]},{"@type":"WebSite","@id":"https:\/\/gelato49.com\/es\/#website","url":"https:\/\/gelato49.com\/es\/","name":"Gelato49","description":"Handwerklich hergestelltes italienisches Speiseeis - Eisdielen und Eiscaf\u00e9s in Bielefeld, Dortmund und D\u00fcsseldorf","publisher":{"@id":"https:\/\/gelato49.com\/es\/#organization"},"potentialAction":[{"@type":"SearchAction","target":{"@type":"EntryPoint","urlTemplate":"https:\/\/gelato49.com\/es\/?s={search_term_string}"},"query-input":{"@type":"PropertyValueSpecification","valueRequired":true,"valueName":"search_term_string"}}],"inLanguage":"es"},{"@type":"Organization","@id":"https:\/\/gelato49.com\/es\/#organization","name":"Gelato 49 \u2013 Artigiani di Bologna","url":"https:\/\/gelato49.com\/es\/","logo":{"@type":"ImageObject","inLanguage":"es","@id":"https:\/\/gelato49.com\/es\/#\/schema\/logo\/image\/","url":"https:\/\/gelato49.com\/wp-content\/uploads\/2020\/02\/G49.png","contentUrl":"https:\/\/gelato49.com\/wp-content\/uploads\/2020\/02\/G49.png","width":680,"height":560,"caption":"Gelato 49 \u2013 Artigiani di Bologna"},"image":{"@id":"https:\/\/gelato49.com\/es\/#\/schema\/logo\/image\/"},"sameAs":["https:\/\/www.facebook.com\/Gelato49","https:\/\/www.instagram.com\/gelato49_com\/","https:\/\/www.youtube.com\/channel\/UCfM4I_VBaYx-O529WfWBoNQ"]}]}},"_links":{"self":[{"href":"https:\/\/gelato49.com\/es\/wp-json\/wp\/v2\/pages\/1210","targetHints":{"allow":["GET"]}}],"collection":[{"href":"https:\/\/gelato49.com\/es\/wp-json\/wp\/v2\/pages"}],"about":[{"href":"https:\/\/gelato49.com\/es\/wp-json\/wp\/v2\/types\/page"}],"author":[{"embeddable":true,"href":"https:\/\/gelato49.com\/es\/wp-json\/wp\/v2\/users\/1"}],"replies":[{"embeddable":true,"href":"https:\/\/gelato49.com\/es\/wp-json\/wp\/v2\/comments?post=1210"}],"version-history":[{"count":11,"href":"https:\/\/gelato49.com\/es\/wp-json\/wp\/v2\/pages\/1210\/revisions"}],"predecessor-version":[{"id":1277,"href":"https:\/\/gelato49.com\/es\/wp-json\/wp\/v2\/pages\/1210\/revisions\/1277"}],"wp:attachment":[{"href":"https:\/\/gelato49.com\/es\/wp-json\/wp\/v2\/media?parent=1210"}],"curies":[{"name":"wp","href":"https:\/\/api.w.org\/{rel}","templated":true}]}}